



{"id":1278,"date":"2012-10-23T09:25:54","date_gmt":"2012-10-23T09:25:54","guid":{"rendered":"http:\/\/www.timelessmedcenter.com\/portfolio\/portfolio-2\/"},"modified":"2021-03-22T13:04:59","modified_gmt":"2021-03-22T20:04:59","slug":"beard","status":"publish","type":"page","link":"https:\/\/timelessmedcenter.com\/es\/portfolio\/beard\/","title":{"rendered":"Trasplante en Barba"},"content":{"rendered":"<div class=\"vc_row wpb_row vc_row-fluid\"><div class=\"wpb_column vc_column_container vc_col-sm-12\"><div class=\"vc_column-inner\"><div class=\"wpb_wrapper\"><div class=\"wpb_gallery wpb_content_element vc_clearfix wpb_animate_when_almost_visible wpb_fadeIn fadeIn\" ><div class=\"wpb_wrapper\"><div class=\"wpb_gallery_slides wpb_flexslider flexslider_fade flexslider\" data-interval=\"3\" data-flex_fx=\"fade\"><ul class=\"slides\"><li><img width=\"1920\" height=\"1281\" src=\"https:\/\/i0.wp.com\/timelessmedcenter.com\/wp-content\/uploads\/2020\/12\/AdobeStock_136651720-copy-2.jpeg?fit=1920%2C1281&amp;ssl=1\" class=\"attachment-full\" alt=\"\" loading=\"lazy\" srcset=\"https:\/\/i0.wp.com\/timelessmedcenter.com\/wp-content\/uploads\/2020\/12\/AdobeStock_136651720-copy-2.jpeg?w=1920&amp;ssl=1 1920w, https:\/\/i0.wp.com\/timelessmedcenter.com\/wp-content\/uploads\/2020\/12\/AdobeStock_136651720-copy-2.jpeg?resize=300%2C200&amp;ssl=1 300w, https:\/\/i0.wp.com\/timelessmedcenter.com\/wp-content\/uploads\/2020\/12\/AdobeStock_136651720-copy-2.jpeg?resize=1024%2C683&amp;ssl=1 1024w, https:\/\/i0.wp.com\/timelessmedcenter.com\/wp-content\/uploads\/2020\/12\/AdobeStock_136651720-copy-2.jpeg?resize=768%2C512&amp;ssl=1 768w, https:\/\/i0.wp.com\/timelessmedcenter.com\/wp-content\/uploads\/2020\/12\/AdobeStock_136651720-copy-2.jpeg?resize=1536%2C1025&amp;ssl=1 1536w, https:\/\/i0.wp.com\/timelessmedcenter.com\/wp-content\/uploads\/2020\/12\/AdobeStock_136651720-copy-2.jpeg?w=1208&amp;ssl=1 1208w, https:\/\/i0.wp.com\/timelessmedcenter.com\/wp-content\/uploads\/2020\/12\/AdobeStock_136651720-copy-2.jpeg?w=1812&amp;ssl=1 1812w\" sizes=\"(max-width: 604px) 100vw, 604px\" \/><\/li><li><img width=\"1920\" height=\"1281\" src=\"https:\/\/i0.wp.com\/timelessmedcenter.com\/wp-content\/uploads\/2020\/12\/shutterstock_258602942-copy-2.jpg?fit=1920%2C1281&amp;ssl=1\" class=\"attachment-full\" alt=\"\" loading=\"lazy\" srcset=\"https:\/\/i0.wp.com\/timelessmedcenter.com\/wp-content\/uploads\/2020\/12\/shutterstock_258602942-copy-2.jpg?w=1920&amp;ssl=1 1920w, https:\/\/i0.wp.com\/timelessmedcenter.com\/wp-content\/uploads\/2020\/12\/shutterstock_258602942-copy-2.jpg?resize=300%2C200&amp;ssl=1 300w, https:\/\/i0.wp.com\/timelessmedcenter.com\/wp-content\/uploads\/2020\/12\/shutterstock_258602942-copy-2.jpg?resize=1024%2C683&amp;ssl=1 1024w, https:\/\/i0.wp.com\/timelessmedcenter.com\/wp-content\/uploads\/2020\/12\/shutterstock_258602942-copy-2.jpg?resize=768%2C512&amp;ssl=1 768w, https:\/\/i0.wp.com\/timelessmedcenter.com\/wp-content\/uploads\/2020\/12\/shutterstock_258602942-copy-2.jpg?resize=1536%2C1025&amp;ssl=1 1536w, https:\/\/i0.wp.com\/timelessmedcenter.com\/wp-content\/uploads\/2020\/12\/shutterstock_258602942-copy-2.jpg?w=1208&amp;ssl=1 1208w, https:\/\/i0.wp.com\/timelessmedcenter.com\/wp-content\/uploads\/2020\/12\/shutterstock_258602942-copy-2.jpg?w=1812&amp;ssl=1 1812w\" sizes=\"(max-width: 604px) 100vw, 604px\" \/><\/li><li><img width=\"1920\" height=\"1281\" src=\"https:\/\/i0.wp.com\/timelessmedcenter.com\/wp-content\/uploads\/2020\/12\/shutterstock_594264836-copy.jpg?fit=1920%2C1281&amp;ssl=1\" class=\"attachment-full\" alt=\"\" loading=\"lazy\" srcset=\"https:\/\/i0.wp.com\/timelessmedcenter.com\/wp-content\/uploads\/2020\/12\/shutterstock_594264836-copy.jpg?w=1920&amp;ssl=1 1920w, https:\/\/i0.wp.com\/timelessmedcenter.com\/wp-content\/uploads\/2020\/12\/shutterstock_594264836-copy.jpg?resize=300%2C200&amp;ssl=1 300w, https:\/\/i0.wp.com\/timelessmedcenter.com\/wp-content\/uploads\/2020\/12\/shutterstock_594264836-copy.jpg?resize=1024%2C683&amp;ssl=1 1024w, https:\/\/i0.wp.com\/timelessmedcenter.com\/wp-content\/uploads\/2020\/12\/shutterstock_594264836-copy.jpg?resize=768%2C512&amp;ssl=1 768w, https:\/\/i0.wp.com\/timelessmedcenter.com\/wp-content\/uploads\/2020\/12\/shutterstock_594264836-copy.jpg?resize=1536%2C1025&amp;ssl=1 1536w, https:\/\/i0.wp.com\/timelessmedcenter.com\/wp-content\/uploads\/2020\/12\/shutterstock_594264836-copy.jpg?w=1208&amp;ssl=1 1208w, https:\/\/i0.wp.com\/timelessmedcenter.com\/wp-content\/uploads\/2020\/12\/shutterstock_594264836-copy.jpg?w=1812&amp;ssl=1 1812w\" sizes=\"(max-width: 604px) 100vw, 604px\" \/><\/li><li><img width=\"1920\" height=\"1281\" src=\"https:\/\/i0.wp.com\/timelessmedcenter.com\/wp-content\/uploads\/2020\/12\/shutterstock_701446132-copy.jpg?fit=1920%2C1281&amp;ssl=1\" class=\"attachment-full\" alt=\"\" loading=\"lazy\" srcset=\"https:\/\/i0.wp.com\/timelessmedcenter.com\/wp-content\/uploads\/2020\/12\/shutterstock_701446132-copy.jpg?w=1920&amp;ssl=1 1920w, https:\/\/i0.wp.com\/timelessmedcenter.com\/wp-content\/uploads\/2020\/12\/shutterstock_701446132-copy.jpg?resize=300%2C200&amp;ssl=1 300w, https:\/\/i0.wp.com\/timelessmedcenter.com\/wp-content\/uploads\/2020\/12\/shutterstock_701446132-copy.jpg?resize=1024%2C683&amp;ssl=1 1024w, https:\/\/i0.wp.com\/timelessmedcenter.com\/wp-content\/uploads\/2020\/12\/shutterstock_701446132-copy.jpg?resize=768%2C512&amp;ssl=1 768w, https:\/\/i0.wp.com\/timelessmedcenter.com\/wp-content\/uploads\/2020\/12\/shutterstock_701446132-copy.jpg?resize=1536%2C1025&amp;ssl=1 1536w, https:\/\/i0.wp.com\/timelessmedcenter.com\/wp-content\/uploads\/2020\/12\/shutterstock_701446132-copy.jpg?w=1208&amp;ssl=1 1208w, https:\/\/i0.wp.com\/timelessmedcenter.com\/wp-content\/uploads\/2020\/12\/shutterstock_701446132-copy.jpg?w=1812&amp;ssl=1 1812w\" sizes=\"(max-width: 604px) 100vw, 604px\" \/><\/li><\/ul><\/div><\/div><\/div><\/div><\/div><\/div><\/div><div class=\"vc_row wpb_row vc_row-fluid\"><div class=\"wpb_column vc_column_container vc_col-sm-2\"><div class=\"vc_column-inner\"><div class=\"wpb_wrapper\"><\/div><\/div><\/div><div class=\"wpb_column vc_column_container vc_col-sm-8\"><div class=\"vc_column-inner\"><div class=\"wpb_wrapper\">\n\t<div class=\"wpb_text_column wpb_content_element  wpb_animate_when_almost_visible wpb_fadeInUp fadeInUp\" >\n\t\t<div class=\"wpb_wrapper\">\n\t\t\t<p style=\"font-size: 30px; line-height: 1.5;\">Implica el trasplante de cabello extra\u00eddo de un \u00e1rea donante (generalmente la parte posterior y los lados de la cabeza), para remodelar tu barba de la manera que siempre has so\u00f1ado.<\/p>\n<p style=\"font-size: 30px; line-height: 1.5;\">La recuperaci\u00f3n es f\u00e1cil y r\u00e1pida, solo tendr\u00e1s costras que se caer\u00e1n, y despu\u00e9s de un par de meses, comenzar\u00e1s a ver tu nueva barba creciendo en la densidad y direcci\u00f3n que has deseado.<\/p>\n\n\t\t<\/div>\n\t<\/div>\n<\/div><\/div><\/div><div class=\"wpb_column vc_column_container vc_col-sm-2\"><div class=\"vc_column-inner\"><div class=\"wpb_wrapper\"><\/div><\/div><\/div><\/div><div class=\"vc_row wpb_row vc_row-fluid\"><div class=\"wpb_column vc_column_container vc_col-sm-12\"><div class=\"vc_column-inner\"><div class=\"wpb_wrapper\">\n\t<div class=\"wpb_text_column wpb_content_element\" >\n\t\t<div class=\"wpb_wrapper\">\n\t\t\t\n\t\t<\/div>\n\t<\/div>\n<div class=\"vc_separator wpb_content_element vc_separator_align_center vc_sep_width_100 vc_sep_pos_align_center vc_separator_no_text vc_sep_color_grey\" ><span class=\"vc_sep_holder vc_sep_holder_l\"><span  class=\"vc_sep_line\"><\/span><\/span><span class=\"vc_sep_holder vc_sep_holder_r\"><span  class=\"vc_sep_line\"><\/span><\/span>\n<\/div><\/div><\/div><\/div><\/div><div class=\"vc_row wpb_row vc_row-fluid\"><div class=\"wpb_column vc_column_container vc_col-sm-12\"><div class=\"vc_column-inner\"><div class=\"wpb_wrapper\">\n\t<div class=\"wpb_text_column wpb_content_element\" >\n\t\t<div class=\"wpb_wrapper\">\n\t\t\t<h1 style=\"text-align: center;\">Programa una consulta<\/h1>\n<h5 style=\"text-align: center;\">Juntos desafiaremos el tiempo, naturalmente\u2026<\/h5>\n\n\t\t<\/div>\n\t<\/div>\n<\/div><\/div><\/div><div class=\"wpb_column vc_column_container vc_col-sm-2\"><div class=\"vc_column-inner\"><div class=\"wpb_wrapper\"><div class=\"vc_empty_space\"   style=\"height: 32px\"><span class=\"vc_empty_space_inner\"><\/span><\/div><\/div><\/div><\/div><div class=\"wpb_column vc_column_container vc_col-sm-8\"><div class=\"vc_column-inner\"><div class=\"wpb_wrapper\"><div role=\"form\" class=\"wpcf7\" id=\"wpcf7-f2264-o1\" lang=\"en-US\" dir=\"ltr\">\n<div class=\"screen-reader-response\"><p role=\"status\" aria-live=\"polite\" aria-atomic=\"true\"><\/p> <ul><\/ul><\/div>\n<form action=\"\/es\/wp-json\/wp\/v2\/pages\/1278#wpcf7-f2264-o1\" method=\"post\" class=\"wpcf7-form init\" novalidate=\"novalidate\" data-status=\"init\" data-trp-original-action=\"\/es\/wp-json\/wp\/v2\/pages\/1278#wpcf7-f2264-o1\">\n<div style=\"display: none;\">\n<input type=\"hidden\" name=\"_wpcf7\" value=\"2264\" \/>\n<input type=\"hidden\" name=\"_wpcf7_version\" value=\"5.6.2\" \/>\n<input type=\"hidden\" name=\"_wpcf7_locale\" value=\"en_US\" \/>\n<input type=\"hidden\" name=\"_wpcf7_unit_tag\" value=\"wpcf7-f2264-o1\" \/>\n<input type=\"hidden\" name=\"_wpcf7_container_post\" value=\"0\" \/>\n<input type=\"hidden\" name=\"_wpcf7_posted_data_hash\" value=\"\" \/>\n<\/div>\n<div class=\"row-fluid\">\n<p class=\"span4 field\"> <span class=\"wpcf7-form-control-wrap\" data-name=\"your-name\"><input type=\"text\" name=\"your-name\" value=\"\" size=\"40\" class=\"wpcf7-form-control wpcf7-text wpcf7-validates-as-required\" aria-required=\"true\" aria-invalid=\"false\" placeholder=\"Nombre:\" \/><\/span> <\/p>\n<p class=\"span4 field\"> <span class=\"wpcf7-form-control-wrap\" data-name=\"telephone\"><input type=\"tel\" name=\"telephone\" value=\"\" size=\"40\" class=\"wpcf7-form-control wpcf7-text wpcf7-tel wpcf7-validates-as-required wpcf7-validates-as-tel\" aria-required=\"true\" aria-invalid=\"false\" placeholder=\"Tel\u00e9fono:\" \/><\/span> <\/p>\n<p class=\"span4 field\"> <span class=\"wpcf7-form-control-wrap\" data-name=\"your-email\"><input type=\"email\" name=\"your-email\" value=\"\" size=\"40\" class=\"wpcf7-form-control wpcf7-text wpcf7-email wpcf7-validates-as-required wpcf7-validates-as-email\" aria-required=\"true\" aria-invalid=\"false\" placeholder=\"Correo electr\u00f3nico:\" \/><\/span> <\/p>\n<\/div>\n<div class=\"row-fluid\">\n<p class=\"span12 field\"> Procedimiento de inter\u00e9s <span class=\"wpcf7-form-control-wrap\" data-name=\"procedure\"><select name=\"procedure\" class=\"wpcf7-form-control wpcf7-select\" aria-invalid=\"false\"><option value=\"Head Transplant\">Trasplante en Cabeza<\/option><option value=\"Beard Transplant\">Trasplante en Barba<\/option><option value=\"Eyebrow Transplant\">Trasplante en Ceja<\/option><option value=\"Body Treatment\">Tratamiento Corporal<\/option><option value=\"Face Treatment\">Tratamiento Facial<\/option><\/select><\/span> <\/p>\n<\/div>\n<h4>Opciones de consulta<\/h4>\n<p> Por favor proporciona 3 opciones de fecha y hora para tu consulta; confirmaremos la fecha y hora exacta en un lapso de 24 horas. <\/p>\n<div class=\"row-fluid\">\n<p class=\"span6 field\"> <span class=\"wpcf7-form-control-wrap\" data-name=\"date-1\"><input type=\"date\" name=\"date-1\" value=\"\" class=\"wpcf7-form-control wpcf7-date wpcf7-validates-as-date\" aria-invalid=\"false\" \/><\/span><\/p>\n<p class=\"span6 field\"><span class=\"wpcf7-form-control-wrap\" data-name=\"time-1\"><input type=\"text\" name=\"time-1\" value=\"\" size=\"40\" class=\"wpcf7-form-control wpcf7-text\" aria-invalid=\"false\" placeholder=\"Hora: Ej (9:00 am)\" \/><\/span><\/p>\n<\/div>\n<div class=\"row-fluid\">\n<p class=\"span6 field\"> <span class=\"wpcf7-form-control-wrap\" data-name=\"date-2\"><input type=\"date\" name=\"date-2\" value=\"\" class=\"wpcf7-form-control wpcf7-date wpcf7-validates-as-date\" aria-invalid=\"false\" \/><\/span><\/p>\n<p class=\"span6 field\"><span class=\"wpcf7-form-control-wrap\" data-name=\"time-2\"><input type=\"text\" name=\"time-2\" value=\"\" size=\"40\" class=\"wpcf7-form-control wpcf7-text\" aria-invalid=\"false\" placeholder=\"Hora: Ej (9:00 am)\" \/><\/span><\/p>\n<\/div>\n<div class=\"row-fluid\">\n<p class=\"span6 field\"> <span class=\"wpcf7-form-control-wrap\" data-name=\"date-3\"><input type=\"date\" name=\"date-3\" value=\"\" class=\"wpcf7-form-control wpcf7-date wpcf7-validates-as-date\" aria-invalid=\"false\" \/><\/span><\/p>\n<p class=\"span6 field\"><span class=\"wpcf7-form-control-wrap\" data-name=\"time-3\"><input type=\"text\" name=\"time-3\" value=\"\" size=\"40\" class=\"wpcf7-form-control wpcf7-text\" aria-invalid=\"false\" placeholder=\"Hora: Ej (9:00 am)\" \/><\/span><\/p>\n<\/div>\n<p class=\"submit-wrap\"><button class=\"btn-clear\" type=\"button\" onclick=\"this.form.reset();\"> Limpiar <\/button> <input type=\"submit\" value=\"Enviar\" class=\"wpcf7-form-control has-spinner wpcf7-submit btn btn-primary\" \/><\/p>\n<input type='hidden' class='wpcf7-pum' value='{\"closepopup\":false,\"closedelay\":0,\"openpopup\":false,\"openpopup_id\":0}' \/><div class=\"wpcf7-response-output\" aria-hidden=\"true\"><\/div><input type=\"hidden\" name=\"trp-form-language\" value=\"es\"\/><\/form><\/div><\/div><\/div><\/div><div class=\"wpb_column vc_column_container vc_col-sm-2\"><div class=\"vc_column-inner\"><div class=\"wpb_wrapper\"><\/div><\/div><\/div><\/div><div class=\"vc_row wpb_row vc_row-fluid\"><div class=\"wpb_column vc_column_container vc_col-sm-12\"><div class=\"vc_column-inner\"><div class=\"wpb_wrapper\"><\/div><\/div><\/div><\/div>","protected":false},"excerpt":{"rendered":"It involves the transplantation of hair harvested from\u00a0a donor area\u00a0(usually the back and sides of the head), to re-shape your beard in the way you always dream of. The recovery time is fast and easy, you will only have crusts\u00a0that will fall out, and after a couple months, you will start seeing your new beard growing in the density and&nbsp;<a href=\"https:\/\/timelessmedcenter.com\/es\/portfolio\/beard\/\" class=\"read-more\">Continue Reading<\/a>","protected":false},"author":1,"featured_media":0,"parent":9,"menu_order":5,"comment_status":"open","ping_status":"closed","template":"page-fullwidth.php","meta":[],"_links":{"self":[{"href":"https:\/\/timelessmedcenter.com\/es\/wp-json\/wp\/v2\/pages\/1278"}],"collection":[{"href":"https:\/\/timelessmedcenter.com\/es\/wp-json\/wp\/v2\/pages"}],"about":[{"href":"https:\/\/timelessmedcenter.com\/es\/wp-json\/wp\/v2\/types\/page"}],"author":[{"embeddable":true,"href":"https:\/\/timelessmedcenter.com\/es\/wp-json\/wp\/v2\/users\/1"}],"replies":[{"embeddable":true,"href":"https:\/\/timelessmedcenter.com\/es\/wp-json\/wp\/v2\/comments?post=1278"}],"version-history":[{"count":11,"href":"https:\/\/timelessmedcenter.com\/es\/wp-json\/wp\/v2\/pages\/1278\/revisions"}],"predecessor-version":[{"id":2912,"href":"https:\/\/timelessmedcenter.com\/es\/wp-json\/wp\/v2\/pages\/1278\/revisions\/2912"}],"up":[{"embeddable":true,"href":"https:\/\/timelessmedcenter.com\/es\/wp-json\/wp\/v2\/pages\/9"}],"wp:attachment":[{"href":"https:\/\/timelessmedcenter.com\/es\/wp-json\/wp\/v2\/media?parent=1278"}],"curies":[{"name":"wp","href":"https:\/\/api.w.org\/{rel}","templated":true}]}}