



{"id":203,"date":"2011-09-14T09:45:02","date_gmt":"2011-09-14T09:45:02","guid":{"rendered":"http:\/\/www.timelessmedcenter.com\/"},"modified":"2021-04-13T17:54:22","modified_gmt":"2021-04-14T00:54:22","slug":"home","status":"publish","type":"page","link":"https:\/\/timelessmedcenter.com\/es\/","title":{"rendered":"Inicio"},"content":{"rendered":"<div class=\"vc_row wpb_row vc_row-fluid\"><div class=\"wpb_column vc_column_container vc_col-sm-12\"><div class=\"vc_column-inner\"><div class=\"wpb_wrapper\">\n\t<div class=\"wpb_text_column wpb_content_element\" >\n\t\t<div class=\"wpb_wrapper\">\n\t\t\t<div class=\"vc_row wpb_row vc_row-fluid\"><\/div><div class=\"wpb_column vc_column_container vc_col-sm-12\"><div class=\"vc_column-inner\"><div class=\"wpb_wrapper\"><\/div><\/div><\/div>\n\t<div class=\"wpb_text_column wpb_content_element\" >\n\t\t<div class=\"wpb_wrapper\">\n\t\t\t\n\t\t<\/div>\n\t<\/div>\n<section class=\"lazy-load-box trigger effect-fade services_headline\" data-delay=\"400\" data-speed=\"800\" style=\"-webkit-transition: all 800ms ease; -moz-transition: all 800ms ease; -ms-transition: all 800ms ease; -o-transition: all 800ms ease; transition: all 800ms ease;\"><\/p>\n<h2 style=\"text-align: center;\">PROYECTA LO MEJOR DE TI, NATURALMENTE<\/h2>\n<h4 style=\"text-align: center;\">\u00a0<\/h4>\n<p><\/section><div class=\"row services\"><br \/>\n<div class=\"span4\">\n<h4 class=\"visible-phone text-center\">Trasplante de Cabello<\/h4>\n<section class=\"lazy-load-box trigger effect-slidefromright\" data-delay=\"200\" data-speed=\"800\" style=\"-webkit-transition: all 800ms ease; -moz-transition: all 800ms ease; -ms-transition: all 800ms ease; -o-transition: all 800ms ease; transition: all 800ms ease;\"><br \/>\n<div class=\"banner-wrap extra-heigth\"><figure class=\"featured-thumbnail\"><a href=\"https:\/\/timelessmedcenter.com\/es\/portfolio\/head\/\" title=\"Trasplante de Cabello\"><img src=\"https:\/\/i0.wp.com\/timelessmedcenter.com\/wp-content\/uploads\/2020\/12\/AdobeStock_223968392-head.jpeg?w=604&#038;ssl=1\" title=\"Trasplante de Cabello\" alt=\"\" data-recalc-dims=\"1\" \/><\/a><\/figure><div class=\"caption\"><h5><a href=\"https:\/\/timelessmedcenter.com\/es\/portfolio\/head\/\" target=\"_self\">Trasplante de Cabello<\/a><\/h5><\/div><\/div><!-- .banner-wrap (end) --><br \/>\n<\/section><br \/><\/div><div class=\"span4\">\n<h4 class=\"visible-phone text-center\">Tratamientos Faciales<\/h4>\n<section class=\"lazy-load-box trigger effect-slidefromright\" data-delay=\"200\" data-speed=\"800\" style=\"-webkit-transition: all 800ms ease; -moz-transition: all 800ms ease; -ms-transition: all 800ms ease; -o-transition: all 800ms ease; transition: all 800ms ease;\"><br \/>\n<div class=\"banner-wrap extra-heigth\"><figure class=\"featured-thumbnail\"><a href=\"https:\/\/timelessmedcenter.com\/es\/face-skin-treatments\/\" title=\"Tratamientos Faciales\"><img src=\"https:\/\/i0.wp.com\/timelessmedcenter.com\/wp-content\/uploads\/2021\/02\/shutterstock_1202683171-1.jpg?w=604&#038;ssl=1\" title=\"Tratamientos Faciales\" alt=\"\" data-recalc-dims=\"1\" \/><\/a><\/figure><div class=\"caption\"><h5><a href=\"https:\/\/timelessmedcenter.com\/es\/face-skin-treatments\/\" target=\"_self\">Tratamientos Faciales<\/a><\/h5><\/div><\/div><!-- .banner-wrap (end) --><br \/>\n<\/section><br \/><\/div>\n<div>\n<div class=\"span4\">\n<h4 class=\"visible-phone text-center\">Tratamientos Corporales<\/h4>\n<h5 class=\"visible-phone text-center\">(Pr\u00f3ximamente)<\/h5>\n<section class=\"lazy-load-box trigger effect-slidefromright\" data-delay=\"200\" data-speed=\"800\" style=\"-webkit-transition: all 800ms ease; -moz-transition: all 800ms ease; -ms-transition: all 800ms ease; -o-transition: all 800ms ease; transition: all 800ms ease;\"><br \/>\n<div class=\"banner-wrap extra-heigth\"><figure class=\"featured-thumbnail\"><a href=\"https:\/\/timelessmedcenter.com\/es\/body-skin-treatments\/\" title=\"Tratamientos Corporales\"><img src=\"https:\/\/i0.wp.com\/timelessmedcenter.com\/wp-content\/uploads\/2021\/03\/shutterstock_785872723.jpg?w=604&#038;ssl=1\" title=\"Tratamientos Corporales\" alt=\"\" data-recalc-dims=\"1\" \/><\/a><\/figure><div class=\"caption\"><h5><a href=\"https:\/\/timelessmedcenter.com\/es\/body-skin-treatments\/\" target=\"_self\">Tratamientos Corporales<\/a><\/h5><\/div><\/div><!-- .banner-wrap (end) --><br \/>\n<\/section><br \/><\/div><\/div>\n<p><\/div><!-- .row (end) --><div class=\"row\"><br \/>\n<\/div><!-- .row (end) --><div class=\"content_box extra\"><div class=\"inner\"><br \/>\n<div class=\"row\"><br \/>\n<div class=\"span6\"><br \/>\n<div class=\"banner-wrap\"><figure class=\"featured-thumbnail\"><a href=\"#\" title=\"\"><img src=\"https:\/\/i0.wp.com\/timelessmedcenter.com\/wp-content\/uploads\/2020\/12\/shutterstock_121823416.jpg?w=604&#038;ssl=1\" title=\"\" alt=\"\" data-recalc-dims=\"1\" \/><\/a><\/figure><\/div><!-- .banner-wrap (end) --><br \/><\/div><br \/>\n<div class=\"span6\"><br \/>\n<section class=\"lazy-load-box trigger effect-slidefroleft\" data-delay=\"200\" data-speed=\"800\" style=\"-webkit-transition: all 800ms ease; -moz-transition: all 800ms ease; -ms-transition: all 800ms ease; -o-transition: all 800ms ease; transition: all 800ms ease;\"><br \/>\n<div class=\"title-box clearfix capitalize\"><h2 class=\"title-box_primary\">NUESTRA FILOSOFIA<\/h2><h3 class=\"title-box_secondary\">En Timeless, lo que nos motiva cada d\u00eda es tu bienestar. Lo \u00fanico que nos interesa es ayudar a nuestros pacientes a recuperar la confianza en s\u00ed mismos desafiando la edad y el tiempo de forma natural, ofreciendo los mejores y m\u00e1s avanzados tratamientos para el cabello y la piel.<\/h3><\/div><!-- \/\/.title-box --><br \/>\n<\/section><br \/>\n<section class=\"lazy-load-box trigger effect-fade\" data-delay=\"400\" data-speed=\"800\" style=\"-webkit-transition: all 800ms ease; -moz-transition: all 800ms ease; -ms-transition: all 800ms ease; -o-transition: all 800ms ease; transition: all 800ms ease;\"><\/p>\n<h2 style=\"text-align: center;\">Lo que nos <strong>Diferencia<\/strong><\/h2>\n<p><\/section><br \/>\n<section class=\"lazy-load-box trigger effect-slidefromleft differentiators\" data-delay=\"200\" data-speed=\"800\" style=\"-webkit-transition: all 800ms ease; -moz-transition: all 800ms ease; -ms-transition: all 800ms ease; -o-transition: all 800ms ease; transition: all 800ms ease;\"><\/p>\n<p style=\"text-align: left;\"><div class=\"service-box diferentiator\"><div class=\"service-box_body\"><h5 class=\"sub-title\">Tratamientos Especializados<\/h5><\/div><\/div><!-- \/Service Box --><\/p>\n<p style=\"text-align: left;\"><div class=\"service-box diferentiator\"><div class=\"service-box_body\"><h5 class=\"sub-title\">Atenci\u00f3n al Paciente de Principio a Fin<\/h5><\/div><\/div><!-- \/Service Box --><\/p>\n<p style=\"text-align: left;\"><div class=\"service-box diferentiator\"><div class=\"service-box_body\"><h5 class=\"sub-title\">Instalaciones de Vanguardia<\/h5><\/div><\/div><!-- \/Service Box --><br \/>\n<\/section><br \/><\/div><br \/>\n<\/div><!-- .row (end) --><div class=\"clear\"><\/div><\/div><\/div><!-- .content_box (end) --><br \/>\n<div class=\"row doctor\"><br \/>\n<div class=\"span4\"><br \/>\n<section class=\"lazy-load-box trigger effect-slidefromright\" data-delay=\"200\" data-speed=\"800\" style=\"-webkit-transition: all 800ms ease; -moz-transition: all 800ms ease; -ms-transition: all 800ms ease; -o-transition: all 800ms ease; transition: all 800ms ease;\"><br \/>\n<div class=\"banner-wrap extra\"><figure class=\"featured-thumbnail\"><a href=\"https:\/\/timelessmedcenter.com\/es\/about\/our-doctor\/\" title=\"\"><img src=\"https:\/\/i0.wp.com\/timelessmedcenter.com\/wp-content\/uploads\/2021\/03\/DSC1119-3.jpg?w=604&#038;ssl=1\" title=\"\" alt=\"\" data-recalc-dims=\"1\" \/><\/a><\/figure><\/div><!-- .banner-wrap (end) --> <\/section><\/div> <div class=\"span8\"><section class=\"lazy-load-box trigger effect-slidefromleft\" data-delay=\"200\" data-speed=\"800\" style=\"-webkit-transition: all 800ms ease; -moz-transition: all 800ms ease; -ms-transition: all 800ms ease; -o-transition: all 800ms ease; transition: all 800ms ease;\"> <div class=\"banner-wrap our-doctor\"><div class=\"caption\"><h5><a href=\"https:\/\/timelessmedcenter.com\/es\/about\/our-doctor\/\" target=\"_self\"><b>Nuestro Doctor<\/b><\/a><\/h5><p>El Dr. Guerrero es considerado una autoridad l\u00edder en trasplante de cabello, quien ha realizado cientos de procedimientos exitosos a pacientes de todo el mundo, incluidos M\u00e9xico, Estados Unidos, Canad\u00e1, Suecia, Irlanda, Australia, Brasil e India, por mencionar algunos, ayud\u00e1ndolos a todos a recuperar su autoestima.<\/p><div class=\"link-align banner-btn\"><a href=\"https:\/\/timelessmedcenter.com\/es\/about\/our-doctor\/\" title=\"Leer m\u00e1s\" class=\"btn btn-link\" target=\"_self\">Leer m\u00e1s<\/a><\/div><\/div><\/div><!-- .banner-wrap (end) --> <\/section><\/div> <\/div><!-- .row (end) --><br \/>\n<section class=\"parallax-box image-parallax-box\" ><div class=\"parallax-content\"><div class=\"row\"><br \/>\n<div class=\"span12\"><br \/>\n<section class=\"lazy-load-box trigger effect-fade\" data-delay=\"400\" data-speed=\"800\" style=\"-webkit-transition: all 800ms ease; -moz-transition: all 800ms ease; -ms-transition: all 800ms ease; -o-transition: all 800ms ease; transition: all 800ms ease;\"><\/p>\n<h2>testimoniales<\/h2>\n<p><\/section><br \/>\n<section class=\"lazy-load-box trigger effect-slideup\" data-delay=\"200\" data-speed=\"800\" style=\"-webkit-transition: all 800ms ease; -moz-transition: all 800ms ease; -ms-transition: all 800ms ease; -o-transition: all 800ms ease; transition: all 800ms ease;\"><br \/>\n<script type=\"text\/javascript\">\n\t\t\t\t\t\tjQuery(window).load(function() {\n\t\t\t\t\t\t\tjQuery(\"#flexslider_tktfmrreug\").flexslider({\n\t\t\t\t\t\t\t\tanimation: \"fade\",\n\t\t\t\t\t\t\t\tsmoothHeight : true,\n\t\t\t\t\t\t\t\tdirectionNav: false,\n\t\t\t\t\t\t\t\tcontrolNav: true,\n\t\t\t\t\t\t\t\trtl: false\n\t\t\t\t\t\t\t});\n\t\t\t\t\t\t});<\/script><div id=\"flexslider_tktfmrreug\" class=\"flexslider no-bg testi\"><ul class=\"slides\"><li class=\"list-item-0\"><h5><a href=\"https:\/\/timelessmedcenter.com\/es\/testimonial-view\/benjamin-lezama\/\" title=\"Benjamin Lezama\">Benjamin Lezama<\/a><\/h5><div class=\"post_options\"><span class=\"user\">Benjamin Lezama<\/span>, <\/div><p class=\"excerpt\">\"Fue indoloro para m\u00ed, y Roberto y su personal me hicieron sentir muy c\u00f3modo y me dijeron lo que estaba pasando en cada momento. Han pasado casi 3 meses y estoy muy contento con toda la experiencia. Recomiendo a Roberto y su personal al 100% \"<\/p><a href=\"https:\/\/timelessmedcenter.com\/es\/testimonial-view\/benjamin-lezama\/\" class=\"btn btn-primary\" title=\"Benjamin Lezama\">Leer m\u00e1s<\/a><\/li><li class=\"list-item-1\"><h5><a href=\"https:\/\/timelessmedcenter.com\/es\/testimonial-view\/jorge-luis-canobbio\/\" title=\"Jorge Luis Canobbio\">Jorge Luis Canobbio<\/a><\/h5><div class=\"post_options\"><span class=\"user\">Jorge Luis Canobbio<\/span>, <a class=\"testi-url\" href=\"#\" target=\"_blank\">#<\/a><br><\/div><p class=\"excerpt\">\"Es muy satisfactorio ver los resultados que esperaba y que las personas cercanas a m\u00ed me digan lo bien que se ve, adem\u00e1s de solicitar la informaci\u00f3n del Dr. Roberto para ponerse en sus manos\"<\/p><a href=\"https:\/\/timelessmedcenter.com\/es\/testimonial-view\/jorge-luis-canobbio\/\" class=\"btn btn-primary\" title=\"Jorge Luis Canobbio\">Leer m\u00e1s<\/a><\/li><li class=\"list-item-2\"><h5><a href=\"https:\/\/timelessmedcenter.com\/es\/testimonial-view\/kenneth-pearce\/\" title=\"Kenneth Pearce\">Kenneth Pearce<\/a><\/h5><div class=\"post_options\"><span class=\"user\">Kenneth Pearce<\/span>, <span class=\"info\">Designer<\/span><br><a class=\"testi-url\" href=\"#\" target=\"_blank\">#<\/a><br><\/div><p class=\"excerpt\">\"Entonces decid\u00ed investigar M\u00e9xico y encontr\u00e9 al Dr. Roberto Guerrero Zazueta, que cambi\u00f3 mi vida. Su trabajo es el de un artista y ahora tengo una l\u00ednea de cabello natural con una cabellera llena\"<\/p><a href=\"https:\/\/timelessmedcenter.com\/es\/testimonial-view\/kenneth-pearce\/\" class=\"btn btn-primary\" title=\"Kenneth Pearce\">Leer m\u00e1s<\/a><\/li><\/ul><\/div><br \/>\n<\/section><a href=\"https:\/\/timelessmedcenter.com\/es\/portfolio\/testimonials\/\" title=\"Leer m\u00e1s\" class=\"btn btn-primary btn-normal btn-\" target=\"_self\">Leer m\u00e1s<\/a><!-- .btn --><br \/><\/div><br \/>\n<\/div><!-- .row (end) --><div class=\"clear\"><\/div><\/div><div class=\"parallax-bg\" data-parallax-type=\"image\" data-img-url=\"https:\/\/timelessmedcenter.com\/wp-content\/uploads\/2020\/12\/parallax_4.jpeg\" data-speed=\"normal\" data-invert=\"true\" ><\/div><\/section><div class=\"content_box fly\"><div class=\"inner\"><br \/>\n<div class=\"row\"><br \/>\n<section class=\"lazy-load-box trigger effect-slidefroleft\" data-delay=\"200\" data-speed=\"800\" style=\"-webkit-transition: all 800ms ease; -moz-transition: all 800ms ease; -ms-transition: all 800ms ease; -o-transition: all 800ms ease; transition: all 800ms ease;\"><\/p>\n<p style=\"text-align: center;\"><div class=\"title-box clearfix fly_title_box\"><h2 class=\"title-box_primary\">Viaja a Timeless<\/h2><h3 class=\"title-box_secondary\">Muchos de nuestros pacientes vuelan a Mexicali, M\u00e9xico desde todo el mundo. En Timeless, nos caracterizamos por brindar el m\u00e1s alto nivel de atenci\u00f3n y cuidado personal que comienza en el momento en que establecemos el primer contacto con el paciente. Nos encargamos de todo aspecto administrativo y log\u00edstico de nuestros pacientes, para que solo se preocupen por presentarse el d\u00eda en que se llevara a cabo su procedimiento y regresen a casa rejuvenecidos y con renovada energ\u00eda.<\/h3><\/div><!-- \/\/.title-box --><\/p>\n<p style=\"text-align: center;\"><a href=\"https:\/\/timelessmedcenter.com\/es\/about\/out-of-town\/\" title=\"Conoce m\u00e1s\" class=\"btn btn-info btn-normal btn-\" target=\"_self\">Conoce m\u00e1s<\/a><!-- .btn --><br \/>\n<\/section><br \/>\n<\/div><!-- .row (end) --><div class=\"clear\"><\/div><\/div><\/div><!-- .content_box (end) --><\/p>\n<p>&nbsp;<\/p>\n<h4 class=\"visible-phone text-center\">\u00a0<\/h4>\n<p>&nbsp;<\/p>\n<h4 class=\"visible-phone text-center\"><\/h4>\n<p>&nbsp;<\/p>\n\n\t\t<\/div>\n\t<\/div>\n<\/div><\/div><\/div><\/div>","protected":false},"excerpt":{"rendered":"\"I then decided to research Mexico and found Dr. Roberto Guerrero Zazueta, which changed my life. His work is that of an artist and I now have a natural hairline with a full head of hair\"","protected":false},"author":1,"featured_media":0,"parent":0,"menu_order":0,"comment_status":"open","ping_status":"closed","template":"page-home.php","meta":[],"_links":{"self":[{"href":"https:\/\/timelessmedcenter.com\/es\/wp-json\/wp\/v2\/pages\/203"}],"collection":[{"href":"https:\/\/timelessmedcenter.com\/es\/wp-json\/wp\/v2\/pages"}],"about":[{"href":"https:\/\/timelessmedcenter.com\/es\/wp-json\/wp\/v2\/types\/page"}],"author":[{"embeddable":true,"href":"https:\/\/timelessmedcenter.com\/es\/wp-json\/wp\/v2\/users\/1"}],"replies":[{"embeddable":true,"href":"https:\/\/timelessmedcenter.com\/es\/wp-json\/wp\/v2\/comments?post=203"}],"version-history":[{"count":197,"href":"https:\/\/timelessmedcenter.com\/es\/wp-json\/wp\/v2\/pages\/203\/revisions"}],"predecessor-version":[{"id":3099,"href":"https:\/\/timelessmedcenter.com\/es\/wp-json\/wp\/v2\/pages\/203\/revisions\/3099"}],"wp:attachment":[{"href":"https:\/\/timelessmedcenter.com\/es\/wp-json\/wp\/v2\/media?parent=203"}],"curies":[{"name":"wp","href":"https:\/\/api.w.org\/{rel}","templated":true}]}}