



{"id":2228,"date":"2020-12-12T02:35:42","date_gmt":"2020-12-12T02:35:42","guid":{"rendered":"http:\/\/www.timelessmedcenter.com\/?page_id=2228"},"modified":"2022-02-22T19:49:17","modified_gmt":"2022-02-23T03:49:17","slug":"testimonials","status":"publish","type":"page","link":"https:\/\/timelessmedcenter.com\/es\/portfolio\/testimonials\/","title":{"rendered":"Testimoniales"},"content":{"rendered":"<div data-vc-full-width=\"true\" data-vc-full-width-init=\"false\" data-vc-stretch-content=\"true\" class=\"vc_row wpb_row vc_row-fluid vc_row-no-padding\"><div class=\"wpb_column vc_column_container vc_col-sm-12\"><div class=\"vc_column-inner\"><div class=\"wpb_wrapper\"><div class=\"wpb_gallery wpb_content_element vc_clearfix\" ><div class=\"wpb_wrapper\"><div class=\"wpb_gallery_slides wpb_flexslider flexslider_fade flexslider\" data-interval=\"3\" data-flex_fx=\"fade\"><ul class=\"slides\"><li><img width=\"1914\" height=\"800\" src=\"https:\/\/i0.wp.com\/timelessmedcenter.com\/wp-content\/uploads\/2021\/03\/AdobeStock_250988201-1.jpeg?fit=1914%2C800&amp;ssl=1\" class=\"attachment-full\" alt=\"\" loading=\"lazy\" srcset=\"https:\/\/i0.wp.com\/timelessmedcenter.com\/wp-content\/uploads\/2021\/03\/AdobeStock_250988201-1.jpeg?w=1914&amp;ssl=1 1914w, https:\/\/i0.wp.com\/timelessmedcenter.com\/wp-content\/uploads\/2021\/03\/AdobeStock_250988201-1.jpeg?resize=300%2C125&amp;ssl=1 300w, https:\/\/i0.wp.com\/timelessmedcenter.com\/wp-content\/uploads\/2021\/03\/AdobeStock_250988201-1.jpeg?resize=1024%2C428&amp;ssl=1 1024w, https:\/\/i0.wp.com\/timelessmedcenter.com\/wp-content\/uploads\/2021\/03\/AdobeStock_250988201-1.jpeg?resize=768%2C321&amp;ssl=1 768w, https:\/\/i0.wp.com\/timelessmedcenter.com\/wp-content\/uploads\/2021\/03\/AdobeStock_250988201-1.jpeg?resize=1536%2C642&amp;ssl=1 1536w, https:\/\/i0.wp.com\/timelessmedcenter.com\/wp-content\/uploads\/2021\/03\/AdobeStock_250988201-1.jpeg?resize=16%2C7&amp;ssl=1 16w, https:\/\/i0.wp.com\/timelessmedcenter.com\/wp-content\/uploads\/2021\/03\/AdobeStock_250988201-1.jpeg?w=1208&amp;ssl=1 1208w, https:\/\/i0.wp.com\/timelessmedcenter.com\/wp-content\/uploads\/2021\/03\/AdobeStock_250988201-1.jpeg?w=1812&amp;ssl=1 1812w\" sizes=\"(max-width: 604px) 100vw, 604px\" \/><\/li><li><img width=\"1919\" height=\"800\" src=\"https:\/\/i0.wp.com\/timelessmedcenter.com\/wp-content\/uploads\/2021\/03\/shutterstock_553161229-1.jpg?fit=1919%2C800&amp;ssl=1\" class=\"attachment-full\" alt=\"\" loading=\"lazy\" srcset=\"https:\/\/i0.wp.com\/timelessmedcenter.com\/wp-content\/uploads\/2021\/03\/shutterstock_553161229-1.jpg?w=1919&amp;ssl=1 1919w, https:\/\/i0.wp.com\/timelessmedcenter.com\/wp-content\/uploads\/2021\/03\/shutterstock_553161229-1.jpg?resize=300%2C125&amp;ssl=1 300w, https:\/\/i0.wp.com\/timelessmedcenter.com\/wp-content\/uploads\/2021\/03\/shutterstock_553161229-1.jpg?resize=1024%2C427&amp;ssl=1 1024w, https:\/\/i0.wp.com\/timelessmedcenter.com\/wp-content\/uploads\/2021\/03\/shutterstock_553161229-1.jpg?resize=768%2C320&amp;ssl=1 768w, https:\/\/i0.wp.com\/timelessmedcenter.com\/wp-content\/uploads\/2021\/03\/shutterstock_553161229-1.jpg?resize=1536%2C640&amp;ssl=1 1536w, https:\/\/i0.wp.com\/timelessmedcenter.com\/wp-content\/uploads\/2021\/03\/shutterstock_553161229-1.jpg?resize=16%2C7&amp;ssl=1 16w, https:\/\/i0.wp.com\/timelessmedcenter.com\/wp-content\/uploads\/2021\/03\/shutterstock_553161229-1.jpg?w=1208&amp;ssl=1 1208w, https:\/\/i0.wp.com\/timelessmedcenter.com\/wp-content\/uploads\/2021\/03\/shutterstock_553161229-1.jpg?w=1812&amp;ssl=1 1812w\" sizes=\"(max-width: 604px) 100vw, 604px\" \/><\/li><\/ul><\/div><\/div><\/div><\/div><\/div><\/div><\/div><div class=\"vc_row-full-width vc_clearfix\"><\/div><div class=\"vc_row wpb_row vc_row-fluid\"><div class=\"wpb_column vc_column_container vc_col-sm-12\"><div class=\"vc_column-inner\"><div class=\"wpb_wrapper\">\n\t<div class=\"wpb_text_column wpb_content_element\" >\n\t\t<div class=\"wpb_wrapper\">\n\t\t\t<h1 style=\"text-align: center;\">Pacientes reales, Resultados reales<\/h1>\n\n\t\t<\/div>\n\t<\/div>\n<\/div><\/div><\/div><\/div><div class=\"vc_row wpb_row vc_row-fluid\"><div class=\"wpb_column vc_column_container vc_col-sm-2\"><div class=\"vc_column-inner\"><div class=\"wpb_wrapper\"><\/div><\/div><\/div><div class=\"wpb_column vc_column_container vc_col-sm-4\"><div class=\"vc_column-inner\"><div class=\"wpb_wrapper\">\n\t<div class=\"wpb_video_widget wpb_content_element vc_clearfix   vc_video-aspect-ratio-916 vc_video-el-width-100 vc_video-align-left\" >\n\t\t<div class=\"wpb_wrapper\">\n\t\t\t\n\t\t\t<div class=\"wpb_video_wrapper\"><iframe title=\"Testimonial - Tourly\" src=\"https:\/\/player.vimeo.com\/video\/526397746?dnt=1&amp;app_id=122963\" width=\"480\" height=\"848\" frameborder=\"0\" allow=\"autoplay; fullscreen; picture-in-picture\" allowfullscreen><\/iframe><\/div>\n\t\t<\/div>\n\t<\/div>\n<\/div><\/div><\/div><div class=\"wpb_column vc_column_container vc_col-sm-2\"><div class=\"vc_column-inner\"><div class=\"wpb_wrapper\"><\/div><\/div><\/div><div class=\"wpb_column vc_column_container vc_col-sm-4\"><div class=\"vc_column-inner\"><div class=\"wpb_wrapper\">\n\t<div class=\"wpb_video_widget wpb_content_element vc_clearfix   vc_video-aspect-ratio-916 vc_video-el-width-100 vc_video-align-left\" >\n\t\t<div class=\"wpb_wrapper\">\n\t\t\t\n\t\t\t<div class=\"wpb_video_wrapper\"><iframe title=\"Testimonial Danny C.\" src=\"https:\/\/player.vimeo.com\/video\/526397721?dnt=1&amp;app_id=122963\" width=\"360\" height=\"636\" frameborder=\"0\" allow=\"autoplay; fullscreen; picture-in-picture\" allowfullscreen><\/iframe><\/div>\n\t\t<\/div>\n\t<\/div>\n<\/div><\/div><\/div><\/div><div class=\"vc_row wpb_row vc_row-fluid\"><div class=\"wpb_column vc_column_container vc_col-sm-2\"><div class=\"vc_column-inner\"><div class=\"wpb_wrapper\"><\/div><\/div><\/div><div class=\"wpb_column vc_column_container vc_col-sm-4\"><div class=\"vc_column-inner\"><div class=\"wpb_wrapper\">\n\t<div class=\"wpb_raw_code wpb_content_element wpb_raw_html\" >\n\t\t<div class=\"wpb_wrapper\">\n\t\t\t<iframe src=\"https:\/\/www.facebook.com\/plugins\/video.php?height=476&href=https%3A%2F%2Fwww.facebook.com%2Ftimelessmedcenter%2Fvideos%2F184725953466230%2F&show_text=false&width=476&t=0\" width=\"476\" height=\"476\" style=\"border:none;overflow:hidden\" scrolling=\"no\" frameborder=\"0\" allowfullscreen=\"true\" allow=\"autoplay; clipboard-write; encrypted-media; picture-in-picture; web-share\"><\/iframe>\n\t\t<\/div>\n\t<\/div>\n<\/div><\/div><\/div><div class=\"wpb_column vc_column_container vc_col-sm-2\"><div class=\"vc_column-inner\"><div class=\"wpb_wrapper\"><\/div><\/div><\/div><div class=\"wpb_column vc_column_container vc_col-sm-4\"><div class=\"vc_column-inner\"><div class=\"wpb_wrapper\">\n\t<div class=\"wpb_raw_code wpb_content_element wpb_raw_html\" >\n\t\t<div class=\"wpb_wrapper\">\n\t\t\t<iframe src=\"https:\/\/www.facebook.com\/plugins\/video.php?height=476&href=https%3A%2F%2Fwww.facebook.com%2Ftimelessmedcenter%2Fvideos%2F1160690734437588%2F&show_text=false&width=269&t=0\" width=\"269\" height=\"476\" style=\"border:none;overflow:hidden\" scrolling=\"no\" frameborder=\"0\" allowfullscreen=\"true\" allow=\"autoplay; clipboard-write; encrypted-media; picture-in-picture; web-share\" data-show-captions=\"true\" ><\/iframe>\n\t\t<\/div>\n\t<\/div>\n<\/div><\/div><\/div><\/div><div class=\"vc_row wpb_row vc_row-fluid\"><div class=\"wpb_column vc_column_container vc_col-sm-12\"><div class=\"vc_column-inner\"><div class=\"wpb_wrapper\">\n\t<div class=\"wpb_text_column wpb_content_element\" >\n\t\t<div class=\"wpb_wrapper\">\n\t\t\t<h4 style=\"text-align: center;\">Frank Singh<\/h4>\n<h4 style=\"text-align: center;\"><\/h4>\n\n\t\t<\/div>\n\t<\/div>\n<\/div><\/div><\/div><\/div><div class=\"vc_row wpb_row vc_row-fluid\"><div class=\"wpb_column vc_column_container vc_col-sm-2\"><div class=\"vc_column-inner\"><div class=\"wpb_wrapper\"><\/div><\/div><\/div><div class=\"wpb_column vc_column_container vc_col-sm-4\"><div class=\"vc_column-inner\"><div class=\"wpb_wrapper\">\n\t<div class=\"wpb_raw_code wpb_content_element wpb_raw_html\" >\n\t\t<div class=\"wpb_wrapper\">\n\t\t\t<iframe src=\"https:\/\/www.facebook.com\/plugins\/video.php?height=476&href=https%3A%2F%2Fwww.facebook.com%2Ftimelessmedcenter%2Fvideos%2F176032584396601%2F&show_text=false&width=269&t=0\" width=\"269\" height=\"476\" style=\"border:none;overflow:hidden\" scrolling=\"no\" frameborder=\"0\" allowfullscreen=\"true\" allow=\"autoplay; clipboard-write; encrypted-media; picture-in-picture; web-share\" data-show-captions=\"true\" ><\/iframe>\n\t\t<\/div>\n\t<\/div>\n<\/div><\/div><\/div><div class=\"wpb_column vc_column_container vc_col-sm-2\"><div class=\"vc_column-inner\"><div class=\"wpb_wrapper\"><\/div><\/div><\/div><div class=\"wpb_column vc_column_container vc_col-sm-4\"><div class=\"vc_column-inner\"><div class=\"wpb_wrapper\">\n\t<div class=\"wpb_raw_code wpb_content_element wpb_raw_html\" >\n\t\t<div class=\"wpb_wrapper\">\n\t\t\t<iframe src=\"https:\/\/www.facebook.com\/plugins\/video.php?height=476&href=https%3A%2F%2Fwww.facebook.com%2Ftimelessmedcenter%2Fvideos%2F1160690734437588%2F&show_text=false&width=269&t=0\" width=\"269\" height=\"476\" style=\"border:none;overflow:hidden\" scrolling=\"no\" frameborder=\"0\" allowfullscreen=\"true\" allow=\"autoplay; clipboard-write; encrypted-media; picture-in-picture; web-share\" data-show-captions=\"true\" ><\/iframe>\n\t\t<\/div>\n\t<\/div>\n<\/div><\/div><\/div><\/div><div class=\"vc_row wpb_row vc_row-fluid\"><div class=\"wpb_column vc_column_container vc_col-sm-12\"><div class=\"vc_column-inner\"><div class=\"wpb_wrapper\">\n\t<div class=\"wpb_text_column wpb_content_element\" >\n\t\t<div class=\"wpb_wrapper\">\n\t\t\t<h4 style=\"text-align: center;\">Daniel Rubal<\/h4>\n\n\t\t<\/div>\n\t<\/div>\n<\/div><\/div><\/div><\/div><div class=\"vc_row wpb_row vc_row-fluid\"><div class=\"wpb_column vc_column_container vc_col-sm-2\"><div class=\"vc_column-inner\"><div class=\"wpb_wrapper\"><\/div><\/div><\/div><div class=\"wpb_column vc_column_container vc_col-sm-4\"><div class=\"vc_column-inner\"><div class=\"wpb_wrapper\">\n\t<div class=\"wpb_raw_code wpb_content_element wpb_raw_html\" >\n\t\t<div class=\"wpb_wrapper\">\n\t\t\t<iframe src=\"https:\/\/www.facebook.com\/plugins\/video.php?height=476&href=https%3A%2F%2Fwww.facebook.com%2Ftimelessmedcenter%2Fvideos%2F395672518441915%2F&show_text=false&width=269&t=0\" width=\"269\" height=\"476\" style=\"border:none;overflow:hidden\" scrolling=\"no\" frameborder=\"0\" allowfullscreen=\"true\" allow=\"autoplay; clipboard-write; encrypted-media; picture-in-picture; web-share\" data-show-captions=\"true\" ><\/iframe>\n\t\t<\/div>\n\t<\/div>\n<\/div><\/div><\/div><div class=\"wpb_column vc_column_container vc_col-sm-2\"><div class=\"vc_column-inner\"><div class=\"wpb_wrapper\"><\/div><\/div><\/div><div class=\"wpb_column vc_column_container vc_col-sm-4\"><div class=\"vc_column-inner\"><div class=\"wpb_wrapper\">\n\t<div class=\"wpb_raw_code wpb_content_element wpb_raw_html\" >\n\t\t<div class=\"wpb_wrapper\">\n\t\t\t<iframe src=\"https:\/\/www.facebook.com\/plugins\/video.php?height=476&href=https%3A%2F%2Fwww.facebook.com%2Ftimelessmedcenter%2Fvideos%2F245792253553298%2F&show_text=false&width=269&t=0\" width=\"269\" height=\"476\" style=\"border:none;overflow:hidden\" scrolling=\"no\" frameborder=\"0\" allowfullscreen=\"true\" allow=\"autoplay; clipboard-write; encrypted-media; picture-in-picture; web-share\" data-show-captions=\"true\" ><\/iframe>\n\t\t<\/div>\n\t<\/div>\n<\/div><\/div><\/div><\/div><div class=\"vc_row wpb_row vc_row-fluid\"><div class=\"wpb_column vc_column_container vc_col-sm-12\"><div class=\"vc_column-inner\"><div class=\"wpb_wrapper\">\n\t<div class=\"wpb_video_widget wpb_content_element vc_clearfix   vc_video-aspect-ratio-169 vc_video-el-width-100 vc_video-align-left\" >\n\t\t<div class=\"wpb_wrapper\">\n\t\t\t\n\t\t\t<div class=\"wpb_video_wrapper\"><iframe title=\"Testimonial - Alex M.mp4\" src=\"https:\/\/player.vimeo.com\/video\/680705156?h=9f2d6a1135&amp;dnt=1&amp;app_id=122963\" width=\"480\" height=\"848\" frameborder=\"0\" allow=\"autoplay; fullscreen; picture-in-picture\" allowfullscreen><\/iframe><\/div>\n\t\t<\/div>\n\t<\/div>\n<\/div><\/div><\/div><\/div><div class=\"vc_row wpb_row vc_row-fluid\"><div class=\"wpb_column vc_column_container vc_col-sm-9\"><div class=\"vc_column-inner\"><div class=\"wpb_wrapper\">\n\t<div class=\"wpb_raw_code wpb_content_element wpb_raw_html\" >\n\t\t<div class=\"wpb_wrapper\">\n\t\t\t<div class=\"testimonial-card\">\n<h3>Kenneth Pearce <\/h3>\n<p>\n\"Vivo en el \u00c1rea de la Bah\u00eda de San Francisco y visit\u00e9 a m\u00e9dicos locales que brindan trasplantes de cabello. Muchos de los proveedores aqu\u00ed eran francamente costosos y ten\u00edan una estructura de facturaci\u00f3n complicada. Tambi\u00e9n ten\u00eda serias preguntas sobre la calidad dado el precio. Entonces decid\u00ed investigar M\u00e9xico y encontr\u00e9 al Dr. Roberto Guerrero Zazueta, que cambi\u00f3 mi vida. Su trabajo es el de un artista y ahora tengo una l\u00ednea de cabello natural con una cabellera llena. Los cirujanos pl\u00e1sticos que veo en los Estados Unidos para el botox no reconocieron el trasplantes de cabello hasta que les dije y tampoco la cosmet\u00f3loga que me cort\u00f3 el cabello. Mi cabello se ve as\u00ed de natural y tiene una gran densidad. El Dr. Roberto tambi\u00e9n es un hombre de gran integridad y tambi\u00e9n asegura un gran cuidado de seguimiento. \u00a1Est\u00e1s en buenas manos!\"\n<\/p>\n<\/div>\n\t\t<\/div>\n\t<\/div>\n\n\t<div class=\"wpb_raw_code wpb_content_element wpb_raw_html\" >\n\t\t<div class=\"wpb_wrapper\">\n\t\t\t<div class=\"testimonial-card\">\n<h3>Benjamin Lezama<\/h3>\n<p>\n\"Fue muy confuso seleccionar un m\u00e9dico para que me hiciera el tratamiento de trasplante de cabello. Despu\u00e9s de buscar muchas opciones en los Estados Unidos y en M\u00e9xico, decid\u00ed hacerlo con Roberto. Un par de amigos lo han hecho con \u00e9l y recomiendan altamente a \u00e9l y a su cl\u00ednica. Roberto es muy profesional y una persona muy agradable. Me gust\u00f3 el hecho de que es un m\u00e9dico totalmente calificado y su amplia formaci\u00f3n en los EE. UU. y en Turqu\u00eda en trasplante de cabello. Todos sus a\u00f1os de experiencia haci\u00e9ndolo tambi\u00e9n fue un factor decisivo, el hecho de que \u00e9l iba a realizar la cirug\u00eda y no nadie m\u00e1s en la cl\u00ednica fue muy importante, en otras cl\u00ednicas no sab\u00eda a qui\u00e9n iba a conseguir.\n<\/p>\n \n<p>\nEl proceso fue largo, de 10:00 am a 6:30 pm. Fue indoloro para m\u00ed, y Roberto y su personal me hicieron sentir muy c\u00f3modo y me dijeron lo que estaba pasando en cada momento.\n<\/p>\n \n<p>\nEn los d\u00edas siguientes el propio Roberto estuvo totalmente disponible ante cualquier duda que surgiera y el proceso de recuperaci\u00f3n fue muy sencillo y bien explicado.\n<\/p>\n \n<p>\nLos primeros d\u00edas es un poco inc\u00f3modo en cuanto a c\u00f3mo duermes y c\u00f3mo debes cuidarte. Han pasado casi 3 meses y estoy muy contento con toda la experiencia. Recomiendo a Roberto y su personal al 100% \".\n<\/p>\n<\/div>\n\t\t<\/div>\n\t<\/div>\n\n\t<div class=\"wpb_raw_code wpb_content_element wpb_raw_html\" >\n\t\t<div class=\"wpb_wrapper\">\n\t\t\t<div class=\"testimonial-card\">\n<h3>Martin Gallardo<\/h3>\n<p>\n\"La experiencia de la cirug\u00eda con el Dr. Roberto Guerrero en el procedimiento de mi trasplante de cabello fue una experiencia indolora y una excelente recuperaci\u00f3n; \u00e9l siempre estuvo disponible para atender todas y cada una de las dudas que ten\u00eda sobre el proceso de recuperaci\u00f3n, y finalmente despu\u00e9s de unos meses el cambio de apariencia fue radical, la gente a mi alrededor not\u00f3 los buenos resultados, siempre comentando lo incre\u00edble y notorio que era mi nuevo cabello, estoy muy feliz porque me siento muy a gusto con mi nuevo look.\n<\/p>\n \n<p>\nEstoy infinitamente agradecido al Dr. Guerrero por su profesionalismo y atenci\u00f3n, lo recomiendo mucho; muchos amigos esperan su turno convencidos de los resultados de la cirug\u00eda de trasplante de cabello.\n<\/p>\n \n<p>\nMuchas gracias Dr. Roberto Guerrero Zazueta \".\n<\/p>\n<\/div>\n\t\t<\/div>\n\t<\/div>\n<\/div><\/div><\/div><\/div>","protected":false},"excerpt":{"rendered":"Real patients, Real results Frank Singh Daniel Rubal Kenneth Pearce \"I live in the San Francisco Bay Area and visited local doctors that provide hair transplants. Many of the providers here were frankly expensive and had a complicated billing structure.\u00a0 I also had serious questions about the quality given the price. I then decided to research Mexico and found Dr.&nbsp;<a href=\"https:\/\/timelessmedcenter.com\/es\/portfolio\/testimonials\/\" class=\"read-more\">Continue Reading<\/a>","protected":false},"author":1,"featured_media":0,"parent":9,"menu_order":0,"comment_status":"closed","ping_status":"closed","template":"page-fullwidth.php","meta":[],"_links":{"self":[{"href":"https:\/\/timelessmedcenter.com\/es\/wp-json\/wp\/v2\/pages\/2228"}],"collection":[{"href":"https:\/\/timelessmedcenter.com\/es\/wp-json\/wp\/v2\/pages"}],"about":[{"href":"https:\/\/timelessmedcenter.com\/es\/wp-json\/wp\/v2\/types\/page"}],"author":[{"embeddable":true,"href":"https:\/\/timelessmedcenter.com\/es\/wp-json\/wp\/v2\/users\/1"}],"replies":[{"embeddable":true,"href":"https:\/\/timelessmedcenter.com\/es\/wp-json\/wp\/v2\/comments?post=2228"}],"version-history":[{"count":15,"href":"https:\/\/timelessmedcenter.com\/es\/wp-json\/wp\/v2\/pages\/2228\/revisions"}],"predecessor-version":[{"id":3417,"href":"https:\/\/timelessmedcenter.com\/es\/wp-json\/wp\/v2\/pages\/2228\/revisions\/3417"}],"up":[{"embeddable":true,"href":"https:\/\/timelessmedcenter.com\/es\/wp-json\/wp\/v2\/pages\/9"}],"wp:attachment":[{"href":"https:\/\/timelessmedcenter.com\/es\/wp-json\/wp\/v2\/media?parent=2228"}],"curies":[{"name":"wp","href":"https:\/\/api.w.org\/{rel}","templated":true}]}}