



{"id":2232,"date":"2020-12-12T02:38:35","date_gmt":"2020-12-12T02:38:35","guid":{"rendered":"http:\/\/www.timelessmedcenter.com\/?page_id=2232"},"modified":"2021-07-05T09:50:19","modified_gmt":"2021-07-05T16:50:19","slug":"our-medcenter","status":"publish","type":"page","link":"https:\/\/timelessmedcenter.com\/es\/about\/our-medcenter\/","title":{"rendered":"Nuestro Centro M\u00e9dico"},"content":{"rendered":"<div class=\"vc_row wpb_row vc_row-fluid\"><div class=\"wpb_column vc_column_container vc_col-sm-2\"><div class=\"vc_column-inner\"><div class=\"wpb_wrapper\"><\/div><\/div><\/div><div class=\"wpb_column vc_column_container vc_col-sm-8\"><div class=\"vc_column-inner\"><div class=\"wpb_wrapper\">\n\t<div class=\"wpb_text_column wpb_content_element\" >\n\t\t<div class=\"wpb_wrapper\">\n\t\t\t<p class=\"aligncenter\" style=\"font-size: 20px; line-height: 1.5; text-align: left;\">\nTimeless Hair and Skin Medcenter cuenta con instalaciones de vanguardia, ofreciendo un ambiente completamente c\u00f3modo, limpio y seguro para nuestros pacientes, con \u00e1reas espec\u00edficas designadas para cada tipo de tratamiento.<\/p>\n<p class=\"aligncenter\" style=\"font-size: 20px; line-height: 1.5; text-align: left;\">Nuestro centro m\u00e9dico se encuentra en la mejor zona de la ciudad; a poca distancia, nuestros pacientes tienen acceso seguro a una variedad de servicios como restaurantes, cines, centros comerciales y hoteles de alta calidad.<\/p>\n<p class=\"aligncenter\" style=\"font-size: 20px; line-height: 1.5; text-align: left;\">Timeless cuenta con el equipo m\u00e9dico est\u00e9tico m\u00e1s avanzado, lo que nos permite ofrecer tratamientos para el cabello y la piel que realmente ayudan a nuestros pacientes.<\/p>\n\n\t\t<\/div>\n\t<\/div>\n\n\t<div class=\"wpb_text_column wpb_content_element\" >\n\t\t<div class=\"wpb_wrapper\">\n\t\t\t<h4>Tour de nuestras instalaciones<\/h4>\n\n\t\t<\/div>\n\t<\/div>\n\n\t<div class=\"wpb_video_widget wpb_content_element vc_clearfix   vc_video-aspect-ratio-169 vc_video-el-width-100 vc_video-align-left\" >\n\t\t<div class=\"wpb_wrapper\">\n\t\t\t\n\t\t\t<div class=\"wpb_video_wrapper\"><iframe title=\"Timeless Tour - v1.0.mp4\" src=\"https:\/\/player.vimeo.com\/video\/571298412?dnt=1&amp;app_id=122963\" width=\"604\" height=\"340\" frameborder=\"0\" allow=\"autoplay; fullscreen; picture-in-picture\" allowfullscreen><\/iframe><\/div>\n\t\t<\/div>\n\t<\/div>\n\n\t<div class=\"wpb_text_column wpb_content_element\" >\n\t\t<div class=\"wpb_wrapper\">\n\t\t\t<h4>Como llegar<\/h4>\n\n\t\t<\/div>\n\t<\/div>\n\n\t<div class=\"wpb_video_widget wpb_content_element vc_clearfix   vc_video-aspect-ratio-169 vc_video-el-width-100 vc_video-align-left\" >\n\t\t<div class=\"wpb_wrapper\">\n\t\t\t\n\t\t\t<div class=\"wpb_video_wrapper\"><iframe title=\"Timeless - Entrada Norte.mp4\" src=\"https:\/\/player.vimeo.com\/video\/570513370?dnt=1&amp;app_id=122963\" width=\"604\" height=\"340\" frameborder=\"0\" allow=\"autoplay; fullscreen; picture-in-picture\" allowfullscreen><\/iframe><\/div>\n\t\t<\/div>\n\t<\/div>\n\n\t<div class=\"wpb_video_widget wpb_content_element vc_clearfix   vc_video-aspect-ratio-169 vc_video-el-width-100 vc_video-align-left\" >\n\t\t<div class=\"wpb_wrapper\">\n\t\t\t\n\t\t\t<div class=\"wpb_video_wrapper\"><iframe title=\"Timeless - Entrada Oeste.mp4\" src=\"https:\/\/player.vimeo.com\/video\/570512545?dnt=1&amp;app_id=122963\" width=\"604\" height=\"340\" frameborder=\"0\" allow=\"autoplay; fullscreen; picture-in-picture\" allowfullscreen><\/iframe><\/div>\n\t\t<\/div>\n\t<\/div>\n\n\t<div class=\"wpb_video_widget wpb_content_element vc_clearfix  wpb_animate_when_almost_visible wpb_fadeInLeft fadeInLeft  vc_video-aspect-ratio-169 vc_video-el-width-100 vc_video-align-left\" >\n\t\t<div class=\"wpb_wrapper\">\n\t\t\t\n\t\t\t<div class=\"wpb_video_wrapper\"><iframe title=\"Timeless Walkthrough\" src=\"https:\/\/player.vimeo.com\/video\/526397772?dnt=1&amp;app_id=122963\" width=\"604\" height=\"340\" frameborder=\"0\" allow=\"autoplay; fullscreen; picture-in-picture\" allowfullscreen><\/iframe><\/div>\n\t\t<\/div>\n\t<\/div>\n<\/div><\/div><\/div><div class=\"wpb_column vc_column_container vc_col-sm-2\"><div class=\"vc_column-inner\"><div class=\"wpb_wrapper\"><\/div><\/div><\/div><\/div><div class=\"vc_row wpb_row vc_row-fluid\"><div class=\"wpb_column vc_column_container vc_col-sm-12\"><div class=\"vc_column-inner\"><div class=\"wpb_wrapper\"><\/div><\/div><\/div><\/div><div class=\"vc_row wpb_row vc_row-fluid\"><div class=\"wpb_column vc_column_container vc_col-sm-2\"><div class=\"vc_column-inner\"><div class=\"wpb_wrapper\"><\/div><\/div><\/div><div class=\"wpb_column vc_column_container vc_col-sm-8\"><div class=\"vc_column-inner\"><div class=\"wpb_wrapper\"><div class=\"wpb_images_carousel wpb_content_element vc_clearfix wpb_animate_when_almost_visible wpb_fadeInLeft fadeInLeft\"><div class=\"wpb_wrapper\"><div id=\"vc_images-carousel-1-1777884893\" data-ride=\"vc_carousel\" data-wrap=\"true\" style=\"width: 100%;\" data-interval=\"3000\" data-auto-height=\"yes\" data-mode=\"horizontal\" data-partial=\"false\" data-per-view=\"1\" data-hide-on-end=\"false\" class=\"vc_slide vc_images_carousel\"><ol class=\"vc_carousel-indicators\"><li data-target=\"#vc_images-carousel-1-1777884893\" data-slide-to=\"0\"><\/li><li data-target=\"#vc_images-carousel-1-1777884893\" data-slide-to=\"1\"><\/li><li data-target=\"#vc_images-carousel-1-1777884893\" data-slide-to=\"2\"><\/li><li data-target=\"#vc_images-carousel-1-1777884893\" data-slide-to=\"3\"><\/li><li data-target=\"#vc_images-carousel-1-1777884893\" data-slide-to=\"4\"><\/li><li data-target=\"#vc_images-carousel-1-1777884893\" data-slide-to=\"5\"><\/li><\/ol><div class=\"vc_carousel-inner\"><div class=\"vc_carousel-slideline\"><div class=\"vc_carousel-slideline-inner\"><div class=\"vc_item\"><div class=\"vc_inner\"><a class=\"prettyphoto\" href=\"https:\/\/i0.wp.com\/timelessmedcenter.com\/wp-content\/uploads\/2021\/03\/Lobby-Roberto_Leo.jpg?fit=604%2C403&#038;ssl=1\" data-rel=\"prettyPhoto[rel-2232-2667545207]\"><img width=\"1280\" height=\"854\" src=\"https:\/\/i0.wp.com\/timelessmedcenter.com\/wp-content\/uploads\/2021\/03\/Lobby-Roberto_Leo.jpg?fit=1280%2C854&amp;ssl=1\" class=\"attachment-full\" alt=\"\" loading=\"lazy\" srcset=\"https:\/\/i0.wp.com\/timelessmedcenter.com\/wp-content\/uploads\/2021\/03\/Lobby-Roberto_Leo.jpg?w=1280&amp;ssl=1 1280w, https:\/\/i0.wp.com\/timelessmedcenter.com\/wp-content\/uploads\/2021\/03\/Lobby-Roberto_Leo.jpg?resize=300%2C200&amp;ssl=1 300w, https:\/\/i0.wp.com\/timelessmedcenter.com\/wp-content\/uploads\/2021\/03\/Lobby-Roberto_Leo.jpg?resize=1024%2C683&amp;ssl=1 1024w, https:\/\/i0.wp.com\/timelessmedcenter.com\/wp-content\/uploads\/2021\/03\/Lobby-Roberto_Leo.jpg?resize=768%2C512&amp;ssl=1 768w, https:\/\/i0.wp.com\/timelessmedcenter.com\/wp-content\/uploads\/2021\/03\/Lobby-Roberto_Leo.jpg?resize=16%2C12&amp;ssl=1 16w, https:\/\/i0.wp.com\/timelessmedcenter.com\/wp-content\/uploads\/2021\/03\/Lobby-Roberto_Leo.jpg?w=1208&amp;ssl=1 1208w\" sizes=\"(max-width: 604px) 100vw, 604px\" \/><\/a><\/div><\/div><div class=\"vc_item\"><div class=\"vc_inner\"><a class=\"prettyphoto\" href=\"https:\/\/i0.wp.com\/timelessmedcenter.com\/wp-content\/uploads\/2021\/03\/Our-Medcenter-Trasplante.jpg?fit=604%2C403&#038;ssl=1\" data-rel=\"prettyPhoto[rel-2232-2667545207]\"><img width=\"1280\" height=\"854\" src=\"https:\/\/i0.wp.com\/timelessmedcenter.com\/wp-content\/uploads\/2021\/03\/Our-Medcenter-Trasplante.jpg?fit=1280%2C854&amp;ssl=1\" class=\"attachment-full\" alt=\"\" loading=\"lazy\" srcset=\"https:\/\/i0.wp.com\/timelessmedcenter.com\/wp-content\/uploads\/2021\/03\/Our-Medcenter-Trasplante.jpg?w=1280&amp;ssl=1 1280w, https:\/\/i0.wp.com\/timelessmedcenter.com\/wp-content\/uploads\/2021\/03\/Our-Medcenter-Trasplante.jpg?resize=300%2C200&amp;ssl=1 300w, https:\/\/i0.wp.com\/timelessmedcenter.com\/wp-content\/uploads\/2021\/03\/Our-Medcenter-Trasplante.jpg?resize=1024%2C683&amp;ssl=1 1024w, https:\/\/i0.wp.com\/timelessmedcenter.com\/wp-content\/uploads\/2021\/03\/Our-Medcenter-Trasplante.jpg?resize=768%2C512&amp;ssl=1 768w, https:\/\/i0.wp.com\/timelessmedcenter.com\/wp-content\/uploads\/2021\/03\/Our-Medcenter-Trasplante.jpg?resize=16%2C12&amp;ssl=1 16w, https:\/\/i0.wp.com\/timelessmedcenter.com\/wp-content\/uploads\/2021\/03\/Our-Medcenter-Trasplante.jpg?w=1208&amp;ssl=1 1208w\" sizes=\"(max-width: 604px) 100vw, 604px\" \/><\/a><\/div><\/div><div class=\"vc_item\"><div class=\"vc_inner\"><a class=\"prettyphoto\" href=\"https:\/\/i0.wp.com\/timelessmedcenter.com\/wp-content\/uploads\/2021\/01\/DSC_0396-scaled.jpg?fit=604%2C403&#038;ssl=1\" data-rel=\"prettyPhoto[rel-2232-2667545207]\"><img width=\"2560\" height=\"1707\" src=\"https:\/\/i0.wp.com\/timelessmedcenter.com\/wp-content\/uploads\/2021\/01\/DSC_0396-scaled.jpg?fit=2560%2C1707&amp;ssl=1\" class=\"attachment-full\" alt=\"\" loading=\"lazy\" srcset=\"https:\/\/i0.wp.com\/timelessmedcenter.com\/wp-content\/uploads\/2021\/01\/DSC_0396-scaled.jpg?w=2560&amp;ssl=1 2560w, https:\/\/i0.wp.com\/timelessmedcenter.com\/wp-content\/uploads\/2021\/01\/DSC_0396-scaled.jpg?resize=300%2C200&amp;ssl=1 300w, https:\/\/i0.wp.com\/timelessmedcenter.com\/wp-content\/uploads\/2021\/01\/DSC_0396-scaled.jpg?resize=1024%2C683&amp;ssl=1 1024w, https:\/\/i0.wp.com\/timelessmedcenter.com\/wp-content\/uploads\/2021\/01\/DSC_0396-scaled.jpg?resize=768%2C512&amp;ssl=1 768w, https:\/\/i0.wp.com\/timelessmedcenter.com\/wp-content\/uploads\/2021\/01\/DSC_0396-scaled.jpg?resize=1536%2C1024&amp;ssl=1 1536w, https:\/\/i0.wp.com\/timelessmedcenter.com\/wp-content\/uploads\/2021\/01\/DSC_0396-scaled.jpg?resize=2048%2C1365&amp;ssl=1 2048w, https:\/\/i0.wp.com\/timelessmedcenter.com\/wp-content\/uploads\/2021\/01\/DSC_0396-scaled.jpg?w=1208&amp;ssl=1 1208w, https:\/\/i0.wp.com\/timelessmedcenter.com\/wp-content\/uploads\/2021\/01\/DSC_0396-scaled.jpg?w=1812&amp;ssl=1 1812w\" sizes=\"(max-width: 604px) 100vw, 604px\" \/><\/a><\/div><\/div><div class=\"vc_item\"><div class=\"vc_inner\"><a class=\"prettyphoto\" href=\"https:\/\/i0.wp.com\/timelessmedcenter.com\/wp-content\/uploads\/2021\/03\/DSC5518.jpg?fit=604%2C403&#038;ssl=1\" data-rel=\"prettyPhoto[rel-2232-2667545207]\"><img width=\"2148\" height=\"1433\" src=\"https:\/\/i0.wp.com\/timelessmedcenter.com\/wp-content\/uploads\/2021\/03\/DSC5518.jpg?fit=2148%2C1433&amp;ssl=1\" class=\"attachment-full\" alt=\"\" loading=\"lazy\" srcset=\"https:\/\/i0.wp.com\/timelessmedcenter.com\/wp-content\/uploads\/2021\/03\/DSC5518.jpg?w=2148&amp;ssl=1 2148w, https:\/\/i0.wp.com\/timelessmedcenter.com\/wp-content\/uploads\/2021\/03\/DSC5518.jpg?resize=300%2C200&amp;ssl=1 300w, https:\/\/i0.wp.com\/timelessmedcenter.com\/wp-content\/uploads\/2021\/03\/DSC5518.jpg?resize=1024%2C683&amp;ssl=1 1024w, https:\/\/i0.wp.com\/timelessmedcenter.com\/wp-content\/uploads\/2021\/03\/DSC5518.jpg?resize=768%2C512&amp;ssl=1 768w, https:\/\/i0.wp.com\/timelessmedcenter.com\/wp-content\/uploads\/2021\/03\/DSC5518.jpg?resize=1536%2C1025&amp;ssl=1 1536w, https:\/\/i0.wp.com\/timelessmedcenter.com\/wp-content\/uploads\/2021\/03\/DSC5518.jpg?resize=2048%2C1366&amp;ssl=1 2048w, https:\/\/i0.wp.com\/timelessmedcenter.com\/wp-content\/uploads\/2021\/03\/DSC5518.jpg?resize=16%2C12&amp;ssl=1 16w, https:\/\/i0.wp.com\/timelessmedcenter.com\/wp-content\/uploads\/2021\/03\/DSC5518.jpg?w=1208&amp;ssl=1 1208w, https:\/\/i0.wp.com\/timelessmedcenter.com\/wp-content\/uploads\/2021\/03\/DSC5518.jpg?w=1812&amp;ssl=1 1812w\" sizes=\"(max-width: 604px) 100vw, 604px\" \/><\/a><\/div><\/div><div class=\"vc_item\"><div class=\"vc_inner\"><a class=\"prettyphoto\" href=\"https:\/\/i0.wp.com\/timelessmedcenter.com\/wp-content\/uploads\/2021\/03\/Our-Medcenter-Plasmage.jpg?fit=604%2C451&#038;ssl=1\" data-rel=\"prettyPhoto[rel-2232-2667545207]\"><img width=\"1280\" height=\"956\" src=\"https:\/\/i0.wp.com\/timelessmedcenter.com\/wp-content\/uploads\/2021\/03\/Our-Medcenter-Plasmage.jpg?fit=1280%2C956&amp;ssl=1\" class=\"attachment-full\" alt=\"\" loading=\"lazy\" srcset=\"https:\/\/i0.wp.com\/timelessmedcenter.com\/wp-content\/uploads\/2021\/03\/Our-Medcenter-Plasmage.jpg?w=1280&amp;ssl=1 1280w, https:\/\/i0.wp.com\/timelessmedcenter.com\/wp-content\/uploads\/2021\/03\/Our-Medcenter-Plasmage.jpg?resize=300%2C224&amp;ssl=1 300w, https:\/\/i0.wp.com\/timelessmedcenter.com\/wp-content\/uploads\/2021\/03\/Our-Medcenter-Plasmage.jpg?resize=1024%2C765&amp;ssl=1 1024w, https:\/\/i0.wp.com\/timelessmedcenter.com\/wp-content\/uploads\/2021\/03\/Our-Medcenter-Plasmage.jpg?resize=768%2C574&amp;ssl=1 768w, https:\/\/i0.wp.com\/timelessmedcenter.com\/wp-content\/uploads\/2021\/03\/Our-Medcenter-Plasmage.jpg?resize=16%2C12&amp;ssl=1 16w, https:\/\/i0.wp.com\/timelessmedcenter.com\/wp-content\/uploads\/2021\/03\/Our-Medcenter-Plasmage.jpg?w=1208&amp;ssl=1 1208w\" sizes=\"(max-width: 604px) 100vw, 604px\" \/><\/a><\/div><\/div><div class=\"vc_item\"><div class=\"vc_inner\"><a class=\"prettyphoto\" href=\"https:\/\/i0.wp.com\/timelessmedcenter.com\/wp-content\/uploads\/2021\/03\/DSC5523.jpg?fit=604%2C403&#038;ssl=1\" data-rel=\"prettyPhoto[rel-2232-2667545207]\"><img width=\"1988\" height=\"1326\" src=\"https:\/\/i0.wp.com\/timelessmedcenter.com\/wp-content\/uploads\/2021\/03\/DSC5523.jpg?fit=1988%2C1326&amp;ssl=1\" class=\"attachment-full\" alt=\"\" loading=\"lazy\" srcset=\"https:\/\/i0.wp.com\/timelessmedcenter.com\/wp-content\/uploads\/2021\/03\/DSC5523.jpg?w=1988&amp;ssl=1 1988w, https:\/\/i0.wp.com\/timelessmedcenter.com\/wp-content\/uploads\/2021\/03\/DSC5523.jpg?resize=300%2C200&amp;ssl=1 300w, https:\/\/i0.wp.com\/timelessmedcenter.com\/wp-content\/uploads\/2021\/03\/DSC5523.jpg?resize=1024%2C683&amp;ssl=1 1024w, https:\/\/i0.wp.com\/timelessmedcenter.com\/wp-content\/uploads\/2021\/03\/DSC5523.jpg?resize=768%2C512&amp;ssl=1 768w, https:\/\/i0.wp.com\/timelessmedcenter.com\/wp-content\/uploads\/2021\/03\/DSC5523.jpg?resize=1536%2C1025&amp;ssl=1 1536w, https:\/\/i0.wp.com\/timelessmedcenter.com\/wp-content\/uploads\/2021\/03\/DSC5523.jpg?resize=16%2C12&amp;ssl=1 16w, https:\/\/i0.wp.com\/timelessmedcenter.com\/wp-content\/uploads\/2021\/03\/DSC5523.jpg?w=1208&amp;ssl=1 1208w, https:\/\/i0.wp.com\/timelessmedcenter.com\/wp-content\/uploads\/2021\/03\/DSC5523.jpg?w=1812&amp;ssl=1 1812w\" sizes=\"(max-width: 604px) 100vw, 604px\" \/><\/a><\/div><\/div><\/div><\/div><\/div><a class=\"vc_left vc_carousel-control\" href=\"#vc_images-carousel-1-1777884893\" data-slide=\"prev\"><span class=\"icon-prev\"><\/span><\/a><a class=\"vc_right vc_carousel-control\" href=\"#vc_images-carousel-1-1777884893\" data-slide=\"next\"><span class=\"icon-next\"><\/span><\/a><\/div><\/div><\/div><\/div><\/div><\/div><div class=\"wpb_column vc_column_container vc_col-sm-2\"><div class=\"vc_column-inner\"><div class=\"wpb_wrapper\"><\/div><\/div><\/div><\/div><div class=\"vc_row wpb_row vc_row-fluid\"><div class=\"wpb_column vc_column_container vc_col-sm-4\"><div class=\"vc_column-inner\"><div class=\"wpb_wrapper\"><div class=\"vc_row wpb_row vc_inner vc_row-fluid\"><div class=\"wpb_column vc_column_container vc_col-sm-12\"><div class=\"vc_column-inner\"><div class=\"wpb_wrapper\"><\/div><\/div><\/div><\/div><\/div><\/div><\/div><div class=\"wpb_column vc_column_container vc_col-sm-4\"><div class=\"vc_column-inner\"><div class=\"wpb_wrapper\"><div class=\"wpb_gallery wpb_content_element vc_clearfix\" ><div class=\"wpb_wrapper\"><div class=\"wpb_gallery_slides wpb_flexslider flexslider_fade flexslider\" data-interval=\"3\" data-flex_fx=\"fade\"><ul class=\"slides\"><li><a class=\"prettyphoto\" href=\"https:\/\/i0.wp.com\/timelessmedcenter.com\/wp-content\/uploads\/2021\/03\/DSC1082.jpg?fit=604%2C906&#038;ssl=1\" data-rel=\"prettyPhoto[rel-2232-3017631159]\"><img width=\"1003\" height=\"1504\" src=\"https:\/\/i0.wp.com\/timelessmedcenter.com\/wp-content\/uploads\/2021\/03\/DSC1082.jpg?fit=1003%2C1504&amp;ssl=1\" class=\"attachment-full\" alt=\"\" loading=\"lazy\" srcset=\"https:\/\/i0.wp.com\/timelessmedcenter.com\/wp-content\/uploads\/2021\/03\/DSC1082.jpg?w=1003&amp;ssl=1 1003w, https:\/\/i0.wp.com\/timelessmedcenter.com\/wp-content\/uploads\/2021\/03\/DSC1082.jpg?resize=200%2C300&amp;ssl=1 200w, https:\/\/i0.wp.com\/timelessmedcenter.com\/wp-content\/uploads\/2021\/03\/DSC1082.jpg?resize=683%2C1024&amp;ssl=1 683w, https:\/\/i0.wp.com\/timelessmedcenter.com\/wp-content\/uploads\/2021\/03\/DSC1082.jpg?resize=768%2C1152&amp;ssl=1 768w, https:\/\/i0.wp.com\/timelessmedcenter.com\/wp-content\/uploads\/2021\/03\/DSC1082.jpg?resize=8%2C12&amp;ssl=1 8w\" sizes=\"(max-width: 604px) 100vw, 604px\" \/><\/a><\/li><li><a class=\"prettyphoto\" href=\"https:\/\/i0.wp.com\/timelessmedcenter.com\/wp-content\/uploads\/2021\/03\/Lobby.jpg?fit=604%2C805&#038;ssl=1\" data-rel=\"prettyPhoto[rel-2232-3017631159]\"><img width=\"1059\" height=\"1412\" src=\"https:\/\/i0.wp.com\/timelessmedcenter.com\/wp-content\/uploads\/2021\/03\/Lobby.jpg?fit=1059%2C1412&amp;ssl=1\" class=\"attachment-full\" alt=\"\" loading=\"lazy\" srcset=\"https:\/\/i0.wp.com\/timelessmedcenter.com\/wp-content\/uploads\/2021\/03\/Lobby.jpg?w=1059&amp;ssl=1 1059w, https:\/\/i0.wp.com\/timelessmedcenter.com\/wp-content\/uploads\/2021\/03\/Lobby.jpg?resize=225%2C300&amp;ssl=1 225w, https:\/\/i0.wp.com\/timelessmedcenter.com\/wp-content\/uploads\/2021\/03\/Lobby.jpg?resize=768%2C1024&amp;ssl=1 768w, https:\/\/i0.wp.com\/timelessmedcenter.com\/wp-content\/uploads\/2021\/03\/Lobby.jpg?resize=9%2C12&amp;ssl=1 9w\" sizes=\"(max-width: 604px) 100vw, 604px\" \/><\/a><\/li><li><a class=\"prettyphoto\" href=\"https:\/\/i0.wp.com\/timelessmedcenter.com\/wp-content\/uploads\/2021\/03\/DSC5418.jpg?fit=604%2C906&#038;ssl=1\" data-rel=\"prettyPhoto[rel-2232-3017631159]\"><img width=\"1061\" height=\"1591\" src=\"https:\/\/i0.wp.com\/timelessmedcenter.com\/wp-content\/uploads\/2021\/03\/DSC5418.jpg?fit=1061%2C1591&amp;ssl=1\" class=\"attachment-full\" alt=\"\" loading=\"lazy\" srcset=\"https:\/\/i0.wp.com\/timelessmedcenter.com\/wp-content\/uploads\/2021\/03\/DSC5418.jpg?w=1061&amp;ssl=1 1061w, https:\/\/i0.wp.com\/timelessmedcenter.com\/wp-content\/uploads\/2021\/03\/DSC5418.jpg?resize=200%2C300&amp;ssl=1 200w, https:\/\/i0.wp.com\/timelessmedcenter.com\/wp-content\/uploads\/2021\/03\/DSC5418.jpg?resize=683%2C1024&amp;ssl=1 683w, https:\/\/i0.wp.com\/timelessmedcenter.com\/wp-content\/uploads\/2021\/03\/DSC5418.jpg?resize=768%2C1152&amp;ssl=1 768w, https:\/\/i0.wp.com\/timelessmedcenter.com\/wp-content\/uploads\/2021\/03\/DSC5418.jpg?resize=1024%2C1536&amp;ssl=1 1024w, https:\/\/i0.wp.com\/timelessmedcenter.com\/wp-content\/uploads\/2021\/03\/DSC5418.jpg?resize=8%2C12&amp;ssl=1 8w\" sizes=\"(max-width: 604px) 100vw, 604px\" \/><\/a><\/li><li><a class=\"prettyphoto\" href=\"https:\/\/i0.wp.com\/timelessmedcenter.com\/wp-content\/uploads\/2021\/01\/DSC_0027-scaled.jpg?fit=604%2C906&#038;ssl=1\" data-rel=\"prettyPhoto[rel-2232-3017631159]\"><img width=\"1707\" height=\"2560\" src=\"https:\/\/i0.wp.com\/timelessmedcenter.com\/wp-content\/uploads\/2021\/01\/DSC_0027-scaled.jpg?fit=1707%2C2560&amp;ssl=1\" class=\"attachment-full\" alt=\"\" loading=\"lazy\" srcset=\"https:\/\/i0.wp.com\/timelessmedcenter.com\/wp-content\/uploads\/2021\/01\/DSC_0027-scaled.jpg?w=1707&amp;ssl=1 1707w, https:\/\/i0.wp.com\/timelessmedcenter.com\/wp-content\/uploads\/2021\/01\/DSC_0027-scaled.jpg?resize=200%2C300&amp;ssl=1 200w, https:\/\/i0.wp.com\/timelessmedcenter.com\/wp-content\/uploads\/2021\/01\/DSC_0027-scaled.jpg?resize=683%2C1024&amp;ssl=1 683w, https:\/\/i0.wp.com\/timelessmedcenter.com\/wp-content\/uploads\/2021\/01\/DSC_0027-scaled.jpg?resize=768%2C1152&amp;ssl=1 768w, https:\/\/i0.wp.com\/timelessmedcenter.com\/wp-content\/uploads\/2021\/01\/DSC_0027-scaled.jpg?resize=1024%2C1536&amp;ssl=1 1024w, https:\/\/i0.wp.com\/timelessmedcenter.com\/wp-content\/uploads\/2021\/01\/DSC_0027-scaled.jpg?resize=1365%2C2048&amp;ssl=1 1365w, https:\/\/i0.wp.com\/timelessmedcenter.com\/wp-content\/uploads\/2021\/01\/DSC_0027-scaled.jpg?w=1208&amp;ssl=1 1208w\" sizes=\"(max-width: 604px) 100vw, 604px\" \/><\/a><\/li><\/ul><\/div><\/div><\/div><\/div><\/div><\/div><div class=\"wpb_column vc_column_container vc_col-sm-4\"><div class=\"vc_column-inner\"><div class=\"wpb_wrapper\"><\/div><\/div><\/div><\/div>","protected":false},"excerpt":{"rendered":"Timeless Hair and Skin Medcenter facilities are state of the art, offering a completely comfortable, safe, and healthy environment for our patients, with specific areas designated for each type of treatment. Our medcenter is in the prime area of the city; within walking distance, our patients have safe access to a variety of amenities like restaurants, movie theaters, shopping malls,&nbsp;<a href=\"https:\/\/timelessmedcenter.com\/es\/about\/our-medcenter\/\" class=\"read-more\">Continue Reading<\/a>","protected":false},"author":1,"featured_media":0,"parent":1797,"menu_order":0,"comment_status":"closed","ping_status":"closed","template":"page-fullwidth.php","meta":[],"_links":{"self":[{"href":"https:\/\/timelessmedcenter.com\/es\/wp-json\/wp\/v2\/pages\/2232"}],"collection":[{"href":"https:\/\/timelessmedcenter.com\/es\/wp-json\/wp\/v2\/pages"}],"about":[{"href":"https:\/\/timelessmedcenter.com\/es\/wp-json\/wp\/v2\/types\/page"}],"author":[{"embeddable":true,"href":"https:\/\/timelessmedcenter.com\/es\/wp-json\/wp\/v2\/users\/1"}],"replies":[{"embeddable":true,"href":"https:\/\/timelessmedcenter.com\/es\/wp-json\/wp\/v2\/comments?post=2232"}],"version-history":[{"count":30,"href":"https:\/\/timelessmedcenter.com\/es\/wp-json\/wp\/v2\/pages\/2232\/revisions"}],"predecessor-version":[{"id":3132,"href":"https:\/\/timelessmedcenter.com\/es\/wp-json\/wp\/v2\/pages\/2232\/revisions\/3132"}],"up":[{"embeddable":true,"href":"https:\/\/timelessmedcenter.com\/es\/wp-json\/wp\/v2\/pages\/1797"}],"wp:attachment":[{"href":"https:\/\/timelessmedcenter.com\/es\/wp-json\/wp\/v2\/media?parent=2232"}],"curies":[{"name":"wp","href":"https:\/\/api.w.org\/{rel}","templated":true}]}}