



{"id":2547,"date":"2021-01-22T12:54:05","date_gmt":"2021-01-22T20:54:05","guid":{"rendered":"http:\/\/timelessmedcenter.com\/?page_id=2547"},"modified":"2021-02-04T15:43:46","modified_gmt":"2021-02-04T23:43:46","slug":"cellulite-body-contouring","status":"publish","type":"page","link":"https:\/\/timelessmedcenter.com\/es\/cellulite-body-contouring\/","title":{"rendered":"Celulitis y Contorno Corporal"},"content":{"rendered":"<div class=\"vc_row wpb_row vc_row-fluid\"><div class=\"wpb_column vc_column_container vc_col-sm-12\"><div class=\"vc_column-inner\"><div class=\"wpb_wrapper\"><div class=\"wpb_gallery wpb_content_element vc_clearfix\" ><div class=\"wpb_wrapper\"><div class=\"wpb_gallery_slides wpb_flexslider flexslider_fade flexslider\" data-interval=\"3\" data-flex_fx=\"fade\"><ul class=\"slides\"><li><a class=\"prettyphoto\" href=\"https:\/\/i0.wp.com\/timelessmedcenter.com\/wp-content\/uploads\/2021\/01\/celullite-1.jpg?fit=604%2C443&#038;ssl=1\" data-rel=\"prettyPhoto[rel-2547-1532714051]\"><img width=\"822\" height=\"603\" src=\"https:\/\/i0.wp.com\/timelessmedcenter.com\/wp-content\/uploads\/2021\/01\/celullite-1.jpg?fit=822%2C603&amp;ssl=1\" class=\"attachment-full\" alt=\"\" loading=\"lazy\" srcset=\"https:\/\/i0.wp.com\/timelessmedcenter.com\/wp-content\/uploads\/2021\/01\/celullite-1.jpg?w=822&amp;ssl=1 822w, https:\/\/i0.wp.com\/timelessmedcenter.com\/wp-content\/uploads\/2021\/01\/celullite-1.jpg?resize=300%2C220&amp;ssl=1 300w, https:\/\/i0.wp.com\/timelessmedcenter.com\/wp-content\/uploads\/2021\/01\/celullite-1.jpg?resize=768%2C563&amp;ssl=1 768w, https:\/\/i0.wp.com\/timelessmedcenter.com\/wp-content\/uploads\/2021\/01\/celullite-1.jpg?resize=16%2C12&amp;ssl=1 16w\" sizes=\"(max-width: 604px) 100vw, 604px\" \/><\/a><\/li><\/ul><\/div><\/div><\/div><\/div><\/div><\/div><\/div><div class=\"vc_row wpb_row vc_row-fluid\"><div class=\"wpb_column vc_column_container vc_col-sm-12\"><div class=\"vc_column-inner\"><div class=\"wpb_wrapper\">\n\t<div class=\"wpb_text_column wpb_content_element\" >\n\t\t<div class=\"wpb_wrapper\">\n\t\t\t<p style=\"font-size: 20px; line-height: 1.5;\">\nLa celulitis es una enfermedad de la hipodermis de naturaleza evolutiva, que se manifiesta por el aumento del n\u00famero y volumen de los adipocitos subcut\u00e1neos y la reducci\u00f3n del tono muscular subyacente, entre otros factores.<\/p>\n<p style=\"font-size: 20px; line-height: 1.5;\" class=\" translation-block\">Mediante la sinergia de las tecnolog\u00edas de radiofrecuencia, cavitaci\u00f3n ultras\u00f3nica y <b>Diatermocontracci\u00f3n\u00ae<\/b>, el paciente experimenta una sensaci\u00f3n de plenitud en la zona tratada, una mayor concentraci\u00f3n de diatermia y un masaje remodelador que ayuda a esculpir y definir el cuerpo.<\/p>\n<p style=\"font-size: 20px; line-height: 1.5;\">\nEl efecto ser\u00e1 un calentamiento profundo del tejido tratando acumulaciones de grasa y celulitis. Acci\u00f3n liporeductora, en la que ir\u00e1s quemando grasa hasta 72 horas despu\u00e9s de cada tratamiento.<\/p>\n\n\t\t<\/div>\n\t<\/div>\n<\/div><\/div><\/div><\/div>","protected":false},"excerpt":{"rendered":"Cellulite is a disease of the hypodermis of evolving nature, manifested by the increase in the number and volume of subcutaneous adipocytes, and the reduction of the underlying muscle tone, among other factors. Through the synergy of radio frequency, ultrasound cavitation and Diatermocontraction\u00ae technologies, the patient experiences a feeling of fullness in the area treated, a greater concentration of diathermy&nbsp;<a href=\"https:\/\/timelessmedcenter.com\/es\/cellulite-body-contouring\/\" class=\"read-more\">Continue Reading<\/a>","protected":false},"author":1,"featured_media":0,"parent":0,"menu_order":0,"comment_status":"closed","ping_status":"closed","template":"page-fullwidth.php","meta":[],"_links":{"self":[{"href":"https:\/\/timelessmedcenter.com\/es\/wp-json\/wp\/v2\/pages\/2547"}],"collection":[{"href":"https:\/\/timelessmedcenter.com\/es\/wp-json\/wp\/v2\/pages"}],"about":[{"href":"https:\/\/timelessmedcenter.com\/es\/wp-json\/wp\/v2\/types\/page"}],"author":[{"embeddable":true,"href":"https:\/\/timelessmedcenter.com\/es\/wp-json\/wp\/v2\/users\/1"}],"replies":[{"embeddable":true,"href":"https:\/\/timelessmedcenter.com\/es\/wp-json\/wp\/v2\/comments?post=2547"}],"version-history":[{"count":5,"href":"https:\/\/timelessmedcenter.com\/es\/wp-json\/wp\/v2\/pages\/2547\/revisions"}],"predecessor-version":[{"id":2684,"href":"https:\/\/timelessmedcenter.com\/es\/wp-json\/wp\/v2\/pages\/2547\/revisions\/2684"}],"wp:attachment":[{"href":"https:\/\/timelessmedcenter.com\/es\/wp-json\/wp\/v2\/media?parent=2547"}],"curies":[{"name":"wp","href":"https:\/\/api.w.org\/{rel}","templated":true}]}}