



{"id":2551,"date":"2021-01-22T12:55:06","date_gmt":"2021-01-22T20:55:06","guid":{"rendered":"http:\/\/timelessmedcenter.com\/?page_id=2551"},"modified":"2021-02-04T15:45:48","modified_gmt":"2021-02-04T23:45:48","slug":"skin-laxity-i-e-abdomen-bat-wing-arms","status":"publish","type":"page","link":"https:\/\/timelessmedcenter.com\/es\/skin-laxity-i-e-abdomen-bat-wing-arms\/","title":{"rendered":"Flacidez -  Abdomen, brazos \u201cala de murci\u00e9lago\u201d, entre otros"},"content":{"rendered":"<div class=\"vc_row wpb_row vc_row-fluid\"><div class=\"wpb_column vc_column_container vc_col-sm-12\"><div class=\"vc_column-inner\"><div class=\"wpb_wrapper\"><div class=\"wpb_gallery wpb_content_element vc_clearfix\" ><div class=\"wpb_wrapper\"><div class=\"wpb_gallery_slides wpb_flexslider flexslider_fade flexslider\" data-interval=\"3\" data-flex_fx=\"fade\"><ul class=\"slides\"><li><a class=\"prettyphoto\" href=\"https:\/\/i0.wp.com\/timelessmedcenter.com\/wp-content\/uploads\/2021\/01\/skinlax-1.jpg?fit=471%2C411&#038;ssl=1\" data-rel=\"prettyPhoto[rel-2551-3642975007]\"><img width=\"471\" height=\"411\" src=\"https:\/\/i0.wp.com\/timelessmedcenter.com\/wp-content\/uploads\/2021\/01\/skinlax-1.jpg?fit=471%2C411&amp;ssl=1\" class=\"attachment-full\" alt=\"\" loading=\"lazy\" srcset=\"https:\/\/i0.wp.com\/timelessmedcenter.com\/wp-content\/uploads\/2021\/01\/skinlax-1.jpg?w=471&amp;ssl=1 471w, https:\/\/i0.wp.com\/timelessmedcenter.com\/wp-content\/uploads\/2021\/01\/skinlax-1.jpg?resize=300%2C262&amp;ssl=1 300w, https:\/\/i0.wp.com\/timelessmedcenter.com\/wp-content\/uploads\/2021\/01\/skinlax-1.jpg?resize=14%2C12&amp;ssl=1 14w\" sizes=\"(max-width: 471px) 100vw, 471px\" \/><\/a><\/li><li><a class=\"prettyphoto\" href=\"https:\/\/i0.wp.com\/timelessmedcenter.com\/wp-content\/uploads\/2021\/01\/skin-lax2.jpg?fit=476%2C648&#038;ssl=1\" data-rel=\"prettyPhoto[rel-2551-3642975007]\"><img width=\"476\" height=\"648\" src=\"https:\/\/i0.wp.com\/timelessmedcenter.com\/wp-content\/uploads\/2021\/01\/skin-lax2.jpg?fit=476%2C648&amp;ssl=1\" class=\"attachment-full\" alt=\"\" loading=\"lazy\" srcset=\"https:\/\/i0.wp.com\/timelessmedcenter.com\/wp-content\/uploads\/2021\/01\/skin-lax2.jpg?w=476&amp;ssl=1 476w, https:\/\/i0.wp.com\/timelessmedcenter.com\/wp-content\/uploads\/2021\/01\/skin-lax2.jpg?resize=220%2C300&amp;ssl=1 220w, https:\/\/i0.wp.com\/timelessmedcenter.com\/wp-content\/uploads\/2021\/01\/skin-lax2.jpg?resize=9%2C12&amp;ssl=1 9w\" sizes=\"(max-width: 476px) 100vw, 476px\" \/><\/a><\/li><\/ul><\/div><\/div><\/div><\/div><\/div><\/div><\/div><div class=\"vc_row wpb_row vc_row-fluid\"><div class=\"wpb_column vc_column_container vc_col-sm-12\"><div class=\"vc_column-inner\"><div class=\"wpb_wrapper\">\n\t<div class=\"wpb_text_column wpb_content_element\" >\n\t\t<div class=\"wpb_wrapper\">\n\t\t\t<p style=\"font-size: 20px; line-height: 1.5;\">\nMediante la emisi\u00f3n de flujos de energ\u00eda (radiofrecuencia) de alta intensidad, la energ\u00eda t\u00e9rmica se dirige m\u00e1s profundamente hacia la piel, calentando as\u00ed la hipodermis (capa de grasa) y la dermis directamente encima de ella para aumentar el metabolismo de las c\u00e9lulas grasas, aumentar la sangre y circulaci\u00f3n linf\u00e1tica, fortalecen y tensan la piel, rompiendo as\u00ed los dep\u00f3sitos de grasa, mejorando la apariencia de la piel fl\u00e1cida y ca\u00edda del cuerpo.<\/p>\n\n\t\t<\/div>\n\t<\/div>\n<\/div><\/div><\/div><\/div>","protected":false},"excerpt":{"rendered":"Through the emission of energy flows (radiofrequency) of high intensity, heat energy is directed deeper into the skin, thereby heating the hypodermis (fat layer) and the dermis directly above it in order to increase the metabolism of the fat cells, increase blood and lymphatic circulation, strengthen and tighten the skin, thereby breaking down fatty deposits, improving the appearance of sagging&nbsp;<a href=\"https:\/\/timelessmedcenter.com\/es\/skin-laxity-i-e-abdomen-bat-wing-arms\/\" class=\"read-more\">Continue Reading<\/a>","protected":false},"author":1,"featured_media":0,"parent":0,"menu_order":0,"comment_status":"closed","ping_status":"closed","template":"page-fullwidth.php","meta":[],"_links":{"self":[{"href":"https:\/\/timelessmedcenter.com\/es\/wp-json\/wp\/v2\/pages\/2551"}],"collection":[{"href":"https:\/\/timelessmedcenter.com\/es\/wp-json\/wp\/v2\/pages"}],"about":[{"href":"https:\/\/timelessmedcenter.com\/es\/wp-json\/wp\/v2\/types\/page"}],"author":[{"embeddable":true,"href":"https:\/\/timelessmedcenter.com\/es\/wp-json\/wp\/v2\/users\/1"}],"replies":[{"embeddable":true,"href":"https:\/\/timelessmedcenter.com\/es\/wp-json\/wp\/v2\/comments?post=2551"}],"version-history":[{"count":6,"href":"https:\/\/timelessmedcenter.com\/es\/wp-json\/wp\/v2\/pages\/2551\/revisions"}],"predecessor-version":[{"id":2686,"href":"https:\/\/timelessmedcenter.com\/es\/wp-json\/wp\/v2\/pages\/2551\/revisions\/2686"}],"wp:attachment":[{"href":"https:\/\/timelessmedcenter.com\/es\/wp-json\/wp\/v2\/media?parent=2551"}],"curies":[{"name":"wp","href":"https:\/\/api.w.org\/{rel}","templated":true}]}}