



{"id":2553,"date":"2021-01-22T12:56:02","date_gmt":"2021-01-22T20:56:02","guid":{"rendered":"http:\/\/timelessmedcenter.com\/?page_id=2553"},"modified":"2021-02-04T15:46:22","modified_gmt":"2021-02-04T23:46:22","slug":"gluteus-lifting-inner-thighs","status":"publish","type":"page","link":"https:\/\/timelessmedcenter.com\/es\/gluteus-lifting-inner-thighs\/","title":{"rendered":"Lifting de Gl\u00fateos, Muslos Internos"},"content":{"rendered":"<div class=\"vc_row wpb_row vc_row-fluid\"><div class=\"wpb_column vc_column_container vc_col-sm-12\"><div class=\"vc_column-inner\"><div class=\"wpb_wrapper\"><div class=\"wpb_gallery wpb_content_element vc_clearfix\" ><div class=\"wpb_wrapper\"><div class=\"wpb_gallery_slides wpb_flexslider flexslider_fade flexslider\" data-interval=\"3\" data-flex_fx=\"fade\"><ul class=\"slides\"><li><a class=\"prettyphoto\" href=\"https:\/\/i0.wp.com\/timelessmedcenter.com\/wp-content\/uploads\/2021\/01\/glu1.jpg?fit=424%2C676&#038;ssl=1\" data-rel=\"prettyPhoto[rel-2553-4025310154]\"><img width=\"424\" height=\"676\" src=\"https:\/\/i0.wp.com\/timelessmedcenter.com\/wp-content\/uploads\/2021\/01\/glu1.jpg?fit=424%2C676&amp;ssl=1\" class=\"attachment-full\" alt=\"\" loading=\"lazy\" srcset=\"https:\/\/i0.wp.com\/timelessmedcenter.com\/wp-content\/uploads\/2021\/01\/glu1.jpg?w=424&amp;ssl=1 424w, https:\/\/i0.wp.com\/timelessmedcenter.com\/wp-content\/uploads\/2021\/01\/glu1.jpg?resize=188%2C300&amp;ssl=1 188w, https:\/\/i0.wp.com\/timelessmedcenter.com\/wp-content\/uploads\/2021\/01\/glu1.jpg?resize=8%2C12&amp;ssl=1 8w\" sizes=\"(max-width: 424px) 100vw, 424px\" \/><\/a><\/li><li><a class=\"prettyphoto\" href=\"https:\/\/i0.wp.com\/timelessmedcenter.com\/wp-content\/uploads\/2021\/01\/glu2.jpg?fit=567%2C467&#038;ssl=1\" data-rel=\"prettyPhoto[rel-2553-4025310154]\"><img width=\"567\" height=\"467\" src=\"https:\/\/i0.wp.com\/timelessmedcenter.com\/wp-content\/uploads\/2021\/01\/glu2.jpg?fit=567%2C467&amp;ssl=1\" class=\"attachment-full\" alt=\"\" loading=\"lazy\" srcset=\"https:\/\/i0.wp.com\/timelessmedcenter.com\/wp-content\/uploads\/2021\/01\/glu2.jpg?w=567&amp;ssl=1 567w, https:\/\/i0.wp.com\/timelessmedcenter.com\/wp-content\/uploads\/2021\/01\/glu2.jpg?resize=300%2C247&amp;ssl=1 300w, https:\/\/i0.wp.com\/timelessmedcenter.com\/wp-content\/uploads\/2021\/01\/glu2.jpg?resize=16%2C12&amp;ssl=1 16w\" sizes=\"(max-width: 567px) 100vw, 567px\" \/><\/a><\/li><\/ul><\/div><\/div><\/div><\/div><\/div><\/div><\/div><div class=\"vc_row wpb_row vc_row-fluid\"><div class=\"wpb_column vc_column_container vc_col-sm-12\"><div class=\"vc_column-inner\"><div class=\"wpb_wrapper\">\n\t<div class=\"wpb_text_column wpb_content_element\" >\n\t\t<div class=\"wpb_wrapper\">\n\t\t\t<p style=\"font-size: 20px; line-height: 1.5;\" class=\" translation-block\"><b>Diatermocontracci\u00f3n<\/b><b>\u00ae <\/b> es una nueva y revolucionaria manera de llegar a m\u00fasculos y tejidos profundos, permitiendo la diatermia y la contracci\u00f3n muscular al mismo tiempo, tratando todas las capas del cuerpo, desde la epidermis (superficie de la piel) hasta los m\u00fasculos, logrando tensar eficazmente la piel y densificar los m\u00fasculos.<\/p>\n\n\t\t<\/div>\n\t<\/div>\n<\/div><\/div><\/div><\/div>","protected":false},"excerpt":{"rendered":"Diatermocontraction\u00ae is a new and revolutionary way to catch deep muscles and tissues, allowing diathermy and muscular contraction at the same time, treating all layers of the body, from the epidermis (skin surface) to the muscles, effectively tightening the skin, and muscles densification.","protected":false},"author":1,"featured_media":0,"parent":0,"menu_order":0,"comment_status":"closed","ping_status":"closed","template":"page-fullwidth.php","meta":[],"_links":{"self":[{"href":"https:\/\/timelessmedcenter.com\/es\/wp-json\/wp\/v2\/pages\/2553"}],"collection":[{"href":"https:\/\/timelessmedcenter.com\/es\/wp-json\/wp\/v2\/pages"}],"about":[{"href":"https:\/\/timelessmedcenter.com\/es\/wp-json\/wp\/v2\/types\/page"}],"author":[{"embeddable":true,"href":"https:\/\/timelessmedcenter.com\/es\/wp-json\/wp\/v2\/users\/1"}],"replies":[{"embeddable":true,"href":"https:\/\/timelessmedcenter.com\/es\/wp-json\/wp\/v2\/comments?post=2553"}],"version-history":[{"count":5,"href":"https:\/\/timelessmedcenter.com\/es\/wp-json\/wp\/v2\/pages\/2553\/revisions"}],"predecessor-version":[{"id":2687,"href":"https:\/\/timelessmedcenter.com\/es\/wp-json\/wp\/v2\/pages\/2553\/revisions\/2687"}],"wp:attachment":[{"href":"https:\/\/timelessmedcenter.com\/es\/wp-json\/wp\/v2\/media?parent=2553"}],"curies":[{"name":"wp","href":"https:\/\/api.w.org\/{rel}","templated":true}]}}