



{"id":2556,"date":"2021-01-22T12:56:22","date_gmt":"2021-01-22T20:56:22","guid":{"rendered":"http:\/\/timelessmedcenter.com\/?page_id=2556"},"modified":"2021-02-04T15:47:08","modified_gmt":"2021-02-04T23:47:08","slug":"lymphatic-drainage","status":"publish","type":"page","link":"https:\/\/timelessmedcenter.com\/es\/lymphatic-drainage\/","title":{"rendered":"Drenaje Linf\u00e1tico"},"content":{"rendered":"<div class=\"vc_row wpb_row vc_row-fluid\"><div class=\"wpb_column vc_column_container vc_col-sm-12\"><div class=\"vc_column-inner\"><div class=\"wpb_wrapper\"><div class=\"wpb_gallery wpb_content_element vc_clearfix\" ><div class=\"wpb_wrapper\"><div class=\"wpb_gallery_slides wpb_flexslider flexslider_fade flexslider\" data-interval=\"3\" data-flex_fx=\"fade\"><ul class=\"slides\"><li><a class=\"prettyphoto\" href=\"https:\/\/i0.wp.com\/timelessmedcenter.com\/wp-content\/uploads\/2021\/01\/lymph.jpg?fit=410%2C301&#038;ssl=1\" data-rel=\"prettyPhoto[rel-2556-1774661332]\"><img width=\"410\" height=\"301\" src=\"https:\/\/i0.wp.com\/timelessmedcenter.com\/wp-content\/uploads\/2021\/01\/lymph.jpg?fit=410%2C301&amp;ssl=1\" class=\"attachment-full\" alt=\"\" loading=\"lazy\" srcset=\"https:\/\/i0.wp.com\/timelessmedcenter.com\/wp-content\/uploads\/2021\/01\/lymph.jpg?w=410&amp;ssl=1 410w, https:\/\/i0.wp.com\/timelessmedcenter.com\/wp-content\/uploads\/2021\/01\/lymph.jpg?resize=300%2C220&amp;ssl=1 300w, https:\/\/i0.wp.com\/timelessmedcenter.com\/wp-content\/uploads\/2021\/01\/lymph.jpg?resize=16%2C12&amp;ssl=1 16w\" sizes=\"(max-width: 410px) 100vw, 410px\" \/><\/a><\/li><\/ul><\/div><\/div><\/div><\/div><\/div><\/div><\/div><div class=\"vc_row wpb_row vc_row-fluid\"><div class=\"wpb_column vc_column_container vc_col-sm-12\"><div class=\"vc_column-inner\"><div class=\"wpb_wrapper\">\n\t<div class=\"wpb_text_column wpb_content_element\" >\n\t\t<div class=\"wpb_wrapper\">\n\t\t\t<p style=\"font-size: 20px; line-height: 1.5;\">\nEl sistema linf\u00e1tico contiene un l\u00edquido incoloro llamado \"linfa\", que transporta cosas como toxinas y minerales a trav\u00e9s de nuestros cuerpos que no necesitamos. Cuando ese sistema se bloquea, nos quedamos con cosas que nuestro cuerpo no quiere. El sistema linf\u00e1tico funciona bien por s\u00ed solo (especialmente si est\u00e1 haciendo cosas como mover su cuerpo y beber agua), pero un drenaje linf\u00e1tico puede ayudar a acelerar el proceso de eliminaci\u00f3n de toxinas.<\/p>\n<h4><b>Beneficios:<\/b><\/h4>\n<ul style=\"font-size: 20px; line-height: 1.5;\">\n<li>Sistema inmunol\u00f3gico fortalecido<\/li>\n<li>M\u00e1s energ\u00eda<\/li>\n<li>Prevenci\u00f3n de Linfedema<\/li>\n<li>Reducci\u00f3n de hinchaz\u00f3n en las piernas<\/li>\n<li>Recuperaci\u00f3n despu\u00e9s de una cirug\u00eda<\/li>\n<\/ul>\n\n\t\t<\/div>\n\t<\/div>\n<\/div><\/div><\/div><\/div>","protected":false},"excerpt":{"rendered":"The lymphatic system carries a colorless fluid called \u201clymph,\u201d which transports things like toxins and minerals we don\u2019t need through our bodies. When that system gets blocked up, you hold onto things that your body doesn\u2019t want. The lymphatic system works just fine on its own (especially if you\u2019re doing things like moving your body and drinking water), but a&nbsp;<a href=\"https:\/\/timelessmedcenter.com\/es\/lymphatic-drainage\/\" class=\"read-more\">Continue Reading<\/a>","protected":false},"author":1,"featured_media":0,"parent":0,"menu_order":0,"comment_status":"closed","ping_status":"closed","template":"page-fullwidth.php","meta":[],"_links":{"self":[{"href":"https:\/\/timelessmedcenter.com\/es\/wp-json\/wp\/v2\/pages\/2556"}],"collection":[{"href":"https:\/\/timelessmedcenter.com\/es\/wp-json\/wp\/v2\/pages"}],"about":[{"href":"https:\/\/timelessmedcenter.com\/es\/wp-json\/wp\/v2\/types\/page"}],"author":[{"embeddable":true,"href":"https:\/\/timelessmedcenter.com\/es\/wp-json\/wp\/v2\/users\/1"}],"replies":[{"embeddable":true,"href":"https:\/\/timelessmedcenter.com\/es\/wp-json\/wp\/v2\/comments?post=2556"}],"version-history":[{"count":4,"href":"https:\/\/timelessmedcenter.com\/es\/wp-json\/wp\/v2\/pages\/2556\/revisions"}],"predecessor-version":[{"id":2688,"href":"https:\/\/timelessmedcenter.com\/es\/wp-json\/wp\/v2\/pages\/2556\/revisions\/2688"}],"wp:attachment":[{"href":"https:\/\/timelessmedcenter.com\/es\/wp-json\/wp\/v2\/media?parent=2556"}],"curies":[{"name":"wp","href":"https:\/\/api.w.org\/{rel}","templated":true}]}}