



{"id":3108,"date":"2021-05-25T17:19:12","date_gmt":"2021-05-26T00:19:12","guid":{"rendered":"https:\/\/timelessmedcenter.com\/?page_id=3108"},"modified":"2021-06-04T13:35:12","modified_gmt":"2021-06-04T20:35:12","slug":"fathers-day-promotion","status":"publish","type":"page","link":"https:\/\/timelessmedcenter.com\/es\/fathers-day-promotion\/","title":{"rendered":"Promoci\u00f3n Dia del Padre"},"content":{"rendered":"<div class=\"vc_row wpb_row vc_row-fluid\"><div class=\"wpb_column vc_column_container vc_col-sm-6\"><div class=\"vc_column-inner\"><div class=\"wpb_wrapper\">\n\t<div  class=\"wpb_single_image wpb_content_element vc_align_left\">\n\t\t\n\t\t<figure class=\"wpb_wrapper vc_figure\">\n\t\t\t<div class=\"vc_single_image-wrapper   vc_box_border_grey\"><img width=\"1280\" height=\"1280\" src=\"https:\/\/i0.wp.com\/timelessmedcenter.com\/wp-content\/uploads\/2021\/05\/WhatsApp-Image-2021-05-25-at-17.09.14.jpeg?fit=1280%2C1280&amp;ssl=1\" class=\"vc_single_image-img attachment-full\" alt=\"\" loading=\"lazy\" srcset=\"https:\/\/i0.wp.com\/timelessmedcenter.com\/wp-content\/uploads\/2021\/05\/WhatsApp-Image-2021-05-25-at-17.09.14.jpeg?w=1280&amp;ssl=1 1280w, https:\/\/i0.wp.com\/timelessmedcenter.com\/wp-content\/uploads\/2021\/05\/WhatsApp-Image-2021-05-25-at-17.09.14.jpeg?resize=300%2C300&amp;ssl=1 300w, https:\/\/i0.wp.com\/timelessmedcenter.com\/wp-content\/uploads\/2021\/05\/WhatsApp-Image-2021-05-25-at-17.09.14.jpeg?resize=1024%2C1024&amp;ssl=1 1024w, https:\/\/i0.wp.com\/timelessmedcenter.com\/wp-content\/uploads\/2021\/05\/WhatsApp-Image-2021-05-25-at-17.09.14.jpeg?resize=150%2C150&amp;ssl=1 150w, https:\/\/i0.wp.com\/timelessmedcenter.com\/wp-content\/uploads\/2021\/05\/WhatsApp-Image-2021-05-25-at-17.09.14.jpeg?resize=768%2C768&amp;ssl=1 768w, https:\/\/i0.wp.com\/timelessmedcenter.com\/wp-content\/uploads\/2021\/05\/WhatsApp-Image-2021-05-25-at-17.09.14.jpeg?resize=12%2C12&amp;ssl=1 12w, https:\/\/i0.wp.com\/timelessmedcenter.com\/wp-content\/uploads\/2021\/05\/WhatsApp-Image-2021-05-25-at-17.09.14.jpeg?w=1208&amp;ssl=1 1208w\" sizes=\"(max-width: 604px) 100vw, 604px\" \/><\/div>\n\t\t<\/figure>\n\t<\/div>\n<\/div><\/div><\/div><div class=\"wpb_column vc_column_container vc_col-sm-6\"><div class=\"vc_column-inner\"><div class=\"wpb_wrapper\">\n\t<div class=\"wpb_text_column wpb_content_element\" >\n\t\t<div class=\"wpb_wrapper\">\n\t\t\t<h4 style=\"text-align: left;\">Agenda tu consulta gratis<\/h4>\n\n\t\t<\/div>\n\t<\/div>\n\n\t<div class=\"wpb_text_column wpb_content_element\" >\n\t\t<div class=\"wpb_wrapper\">\n\t\t\t<h5>Hasta un 15% de descuento en tu tratamiento<\/h5>\n\n\t\t<\/div>\n\t<\/div>\n<div role=\"form\" class=\"wpcf7\" id=\"wpcf7-f3034-o1\" lang=\"en-US\" dir=\"ltr\">\n<div class=\"screen-reader-response\"><p role=\"status\" aria-live=\"polite\" aria-atomic=\"true\"><\/p> <ul><\/ul><\/div>\n<form action=\"\/es\/wp-json\/wp\/v2\/pages\/3108#wpcf7-f3034-o1\" method=\"post\" class=\"wpcf7-form init\" novalidate=\"novalidate\" data-status=\"init\" data-trp-original-action=\"\/es\/wp-json\/wp\/v2\/pages\/3108#wpcf7-f3034-o1\">\n<div style=\"display: none;\">\n<input type=\"hidden\" name=\"_wpcf7\" value=\"3034\" \/>\n<input type=\"hidden\" name=\"_wpcf7_version\" value=\"5.6.2\" \/>\n<input type=\"hidden\" name=\"_wpcf7_locale\" value=\"en_US\" \/>\n<input type=\"hidden\" name=\"_wpcf7_unit_tag\" value=\"wpcf7-f3034-o1\" \/>\n<input type=\"hidden\" name=\"_wpcf7_container_post\" value=\"0\" \/>\n<input type=\"hidden\" name=\"_wpcf7_posted_data_hash\" value=\"\" \/>\n<\/div>\n<div class=\"row-fluid\">\n<div class=\"row-fluid\">\n<p class=\"span12 field\"><span class=\"wpcf7-form-control-wrap\" data-name=\"your-name\"><input type=\"text\" name=\"your-name\" value=\"\" size=\"40\" class=\"wpcf7-form-control wpcf7-text\" aria-invalid=\"false\" placeholder=\"John Smith\" \/><\/span><\/p>\n<\/div>\n<div class=\"row-fluid\">\n<p class=\"span12 field\"><span class=\"wpcf7-form-control-wrap\" data-name=\"telefono\"><input type=\"tel\" name=\"telefono\" value=\"\" size=\"40\" class=\"wpcf7-form-control wpcf7-text wpcf7-tel wpcf7-validates-as-required wpcf7-validates-as-tel\" aria-required=\"true\" aria-invalid=\"false\" placeholder=\"+01 619 123 2323\" \/><\/span><\/p>\n<\/div>\n<div class=\"row-fluid\">\n<p class=\"span12 field\"><span class=\"wpcf7-form-control-wrap\" data-name=\"email\"><input type=\"email\" name=\"email\" value=\"\" size=\"40\" class=\"wpcf7-form-control wpcf7-text wpcf7-email wpcf7-validates-as-email\" aria-invalid=\"false\" placeholder=\"Optional: email@example.com\" \/><\/span><\/p>\n<\/div>\n<div class=\"row-fluid\">\n<p class=\"span12 field\"><span class=\"wpcf7-form-control-wrap\" data-name=\"city\"><input type=\"text\" name=\"city\" value=\"\" size=\"40\" class=\"wpcf7-form-control wpcf7-text wpcf7-validates-as-required\" aria-required=\"true\" aria-invalid=\"false\" placeholder=\"Los Angeles, USA\" \/><\/span><\/p>\n<\/div>\n<div class=\"row-fluid\">\n<p class=\"span4 field\"><input type=\"submit\" value=\"Agenda\" class=\"wpcf7-form-control has-spinner wpcf7-submit btn-primary\" \/><\/p>\n<\/div>\n<\/div>\n<input type='hidden' class='wpcf7-pum' value='{\"closepopup\":true,\"closedelay\":0,\"openpopup\":false,\"openpopup_id\":0}' \/><div class=\"wpcf7-response-output\" aria-hidden=\"true\"><\/div><input type=\"hidden\" name=\"trp-form-language\" value=\"es\"\/><\/form><\/div><\/div><\/div><\/div><\/div><div class=\"vc_row wpb_row vc_row-fluid\"><div class=\"wpb_column vc_column_container vc_col-sm-12\"><div class=\"vc_column-inner\"><div class=\"wpb_wrapper\">\n\t<div class=\"wpb_text_column wpb_content_element\" >\n\t\t<div class=\"wpb_wrapper\">\n\t\t\t<h3>Antes &amp; Despu\u00e9s<\/h3>\n\n\t\t<\/div>\n\t<\/div>\n\n\t<div class=\"wpb_text_column wpb_content_element\" >\n\t\t<div class=\"wpb_wrapper\">\n\t\t\t<h4 style=\"text-align: center;\">Algunos de nuestros clientes felices<\/h4>\n\n\t\t<\/div>\n\t<\/div>\n<div class=\"vc_row wpb_row vc_inner vc_row-fluid\"><div class=\"wpb_column vc_column_container vc_col-sm-2\"><div class=\"vc_column-inner\"><div class=\"wpb_wrapper\"><\/div><\/div><\/div><div class=\"wpb_column vc_column_container vc_col-sm-4\"><div class=\"vc_column-inner\"><div class=\"wpb_wrapper\">\n\t<div  class=\"wpb_single_image wpb_content_element vc_align_left\">\n\t\t\n\t\t<figure class=\"wpb_wrapper vc_figure\">\n\t\t\t<a data-rel=\"prettyPhoto[rel-3108-1408541528]\" href=\"https:\/\/i0.wp.com\/timelessmedcenter.com\/wp-content\/uploads\/2021\/06\/POST2-1.png?fit=604%2C604&amp;ssl=1\" target=\"_self\" class=\"vc_single_image-wrapper   vc_box_border_grey prettyphoto\"><img width=\"900\" height=\"900\" src=\"https:\/\/i0.wp.com\/timelessmedcenter.com\/wp-content\/uploads\/2021\/06\/POST2-1.png?fit=900%2C900&amp;ssl=1\" class=\"vc_single_image-img attachment-full\" alt=\"\" loading=\"lazy\" srcset=\"https:\/\/i0.wp.com\/timelessmedcenter.com\/wp-content\/uploads\/2021\/06\/POST2-1.png?w=900&amp;ssl=1 900w, https:\/\/i0.wp.com\/timelessmedcenter.com\/wp-content\/uploads\/2021\/06\/POST2-1.png?resize=300%2C300&amp;ssl=1 300w, https:\/\/i0.wp.com\/timelessmedcenter.com\/wp-content\/uploads\/2021\/06\/POST2-1.png?resize=150%2C150&amp;ssl=1 150w, https:\/\/i0.wp.com\/timelessmedcenter.com\/wp-content\/uploads\/2021\/06\/POST2-1.png?resize=768%2C768&amp;ssl=1 768w, https:\/\/i0.wp.com\/timelessmedcenter.com\/wp-content\/uploads\/2021\/06\/POST2-1.png?resize=12%2C12&amp;ssl=1 12w\" sizes=\"(max-width: 604px) 100vw, 604px\" \/><\/a>\n\t\t<\/figure>\n\t<\/div>\n<\/div><\/div><\/div><div class=\"wpb_column vc_column_container vc_col-sm-4\"><div class=\"vc_column-inner\"><div class=\"wpb_wrapper\">\n\t<div  class=\"wpb_single_image wpb_content_element vc_align_left\">\n\t\t\n\t\t<figure class=\"wpb_wrapper vc_figure\">\n\t\t\t<a data-rel=\"prettyPhoto[rel-3108-119154796]\" href=\"https:\/\/i0.wp.com\/timelessmedcenter.com\/wp-content\/uploads\/2021\/06\/POST2-2.png?fit=604%2C604&amp;ssl=1\" target=\"_self\" class=\"vc_single_image-wrapper   vc_box_border_grey prettyphoto\"><img width=\"900\" height=\"900\" src=\"https:\/\/i0.wp.com\/timelessmedcenter.com\/wp-content\/uploads\/2021\/06\/POST2-2.png?fit=900%2C900&amp;ssl=1\" class=\"vc_single_image-img attachment-full\" alt=\"\" loading=\"lazy\" srcset=\"https:\/\/i0.wp.com\/timelessmedcenter.com\/wp-content\/uploads\/2021\/06\/POST2-2.png?w=900&amp;ssl=1 900w, https:\/\/i0.wp.com\/timelessmedcenter.com\/wp-content\/uploads\/2021\/06\/POST2-2.png?resize=300%2C300&amp;ssl=1 300w, https:\/\/i0.wp.com\/timelessmedcenter.com\/wp-content\/uploads\/2021\/06\/POST2-2.png?resize=150%2C150&amp;ssl=1 150w, https:\/\/i0.wp.com\/timelessmedcenter.com\/wp-content\/uploads\/2021\/06\/POST2-2.png?resize=768%2C768&amp;ssl=1 768w, https:\/\/i0.wp.com\/timelessmedcenter.com\/wp-content\/uploads\/2021\/06\/POST2-2.png?resize=12%2C12&amp;ssl=1 12w\" sizes=\"(max-width: 604px) 100vw, 604px\" \/><\/a>\n\t\t<\/figure>\n\t<\/div>\n<\/div><\/div><\/div><div class=\"wpb_column vc_column_container vc_col-sm-2\"><div class=\"vc_column-inner\"><div class=\"wpb_wrapper\"><\/div><\/div><\/div><\/div><\/div><\/div><\/div><\/div><div class=\"vc_row wpb_row vc_row-fluid\"><div class=\"wpb_column vc_column_container vc_col-sm-2\"><div class=\"vc_column-inner\"><div class=\"wpb_wrapper\"><\/div><\/div><\/div><div class=\"wpb_column vc_column_container vc_col-sm-4\"><div class=\"vc_column-inner\"><div class=\"wpb_wrapper\">\n\t<div class=\"wpb_video_widget wpb_content_element vc_clearfix   vc_video-aspect-ratio-916 vc_video-el-width-100 vc_video-align-left\" >\n\t\t<div class=\"wpb_wrapper\">\n\t\t\t\n\t\t\t<div class=\"wpb_video_wrapper\"><iframe title=\"Testimonial - Tourly\" src=\"https:\/\/player.vimeo.com\/video\/526397746?dnt=1&amp;app_id=122963\" width=\"480\" height=\"848\" frameborder=\"0\" allow=\"autoplay; fullscreen; picture-in-picture\" allowfullscreen><\/iframe><\/div>\n\t\t<\/div>\n\t<\/div>\n<\/div><\/div><\/div><div class=\"wpb_column vc_column_container vc_col-sm-4\"><div class=\"vc_column-inner\"><div class=\"wpb_wrapper\">\n\t<div class=\"wpb_video_widget wpb_content_element vc_clearfix   vc_video-aspect-ratio-916 vc_video-el-width-100 vc_video-align-left\" >\n\t\t<div class=\"wpb_wrapper\">\n\t\t\t\n\t\t\t<div class=\"wpb_video_wrapper\"><iframe title=\"Testimonial Danny C.\" src=\"https:\/\/player.vimeo.com\/video\/526397721?dnt=1&amp;app_id=122963\" width=\"360\" height=\"636\" frameborder=\"0\" allow=\"autoplay; fullscreen; picture-in-picture\" allowfullscreen><\/iframe><\/div>\n\t\t<\/div>\n\t<\/div>\n<\/div><\/div><\/div><div class=\"wpb_column vc_column_container vc_col-sm-2\"><div class=\"vc_column-inner\"><div class=\"wpb_wrapper\"><\/div><\/div><\/div><\/div><div class=\"vc_row wpb_row vc_row-fluid\"><div class=\"wpb_column vc_column_container vc_col-sm-12\"><div class=\"vc_column-inner\"><div class=\"wpb_wrapper\">\n\t<div class=\"wpb_text_column wpb_content_element\" >\n\t\t<div class=\"wpb_wrapper\">\n\t\t\t<h2 style=\"text-align: left;\">Acerca de nuestro doctor<\/h2>\n\n\t\t<\/div>\n\t<\/div>\n<\/div><\/div><\/div><\/div><div class=\"vc_row wpb_row vc_row-fluid\"><div class=\"wpb_column vc_column_container vc_col-sm-6\"><div class=\"vc_column-inner\"><div class=\"wpb_wrapper\">\n\t<div  class=\"wpb_single_image wpb_content_element vc_align_left\">\n\t\t\n\t\t<figure class=\"wpb_wrapper vc_figure\">\n\t\t\t<div class=\"vc_single_image-wrapper   vc_box_border_grey\"><img width=\"2560\" height=\"2560\" src=\"https:\/\/i0.wp.com\/timelessmedcenter.com\/wp-content\/uploads\/2021\/01\/Doctor-Squared-scaled.jpg?fit=2560%2C2560&amp;ssl=1\" class=\"vc_single_image-img attachment-full\" alt=\"\" loading=\"lazy\" srcset=\"https:\/\/i0.wp.com\/timelessmedcenter.com\/wp-content\/uploads\/2021\/01\/Doctor-Squared-scaled.jpg?w=2560&amp;ssl=1 2560w, https:\/\/i0.wp.com\/timelessmedcenter.com\/wp-content\/uploads\/2021\/01\/Doctor-Squared-scaled.jpg?resize=300%2C300&amp;ssl=1 300w, https:\/\/i0.wp.com\/timelessmedcenter.com\/wp-content\/uploads\/2021\/01\/Doctor-Squared-scaled.jpg?resize=1024%2C1024&amp;ssl=1 1024w, https:\/\/i0.wp.com\/timelessmedcenter.com\/wp-content\/uploads\/2021\/01\/Doctor-Squared-scaled.jpg?resize=150%2C150&amp;ssl=1 150w, https:\/\/i0.wp.com\/timelessmedcenter.com\/wp-content\/uploads\/2021\/01\/Doctor-Squared-scaled.jpg?resize=768%2C768&amp;ssl=1 768w, https:\/\/i0.wp.com\/timelessmedcenter.com\/wp-content\/uploads\/2021\/01\/Doctor-Squared-scaled.jpg?resize=1536%2C1536&amp;ssl=1 1536w, https:\/\/i0.wp.com\/timelessmedcenter.com\/wp-content\/uploads\/2021\/01\/Doctor-Squared-scaled.jpg?resize=2048%2C2048&amp;ssl=1 2048w, https:\/\/i0.wp.com\/timelessmedcenter.com\/wp-content\/uploads\/2021\/01\/Doctor-Squared-scaled.jpg?w=1208&amp;ssl=1 1208w, https:\/\/i0.wp.com\/timelessmedcenter.com\/wp-content\/uploads\/2021\/01\/Doctor-Squared-scaled.jpg?w=1812&amp;ssl=1 1812w\" sizes=\"(max-width: 604px) 100vw, 604px\" \/><\/div>\n\t\t<\/figure>\n\t<\/div>\n<\/div><\/div><\/div><div class=\"wpb_column vc_column_container vc_col-sm-6\"><div class=\"vc_column-inner\"><div class=\"wpb_wrapper\">\n\t<div class=\"wpb_text_column wpb_content_element\" >\n\t\t<div class=\"wpb_wrapper\">\n\t\t\t<p style=\"font-size: 20px; line-height: 1.5;\">\nDr. Roberto Guerrero Zazueta obtuvo su t\u00edtulo en medicina de la Universidad Aut\u00f3noma de Baja California y se gradu\u00f3 del Centro M\u00e9dico de Occidente en Guadalajara, M\u00e9xico con una especialidad en cirug\u00eda. Despu\u00e9s de completar su especialidad, comenz\u00f3 a perseguir sus intereses en el trasplante de cabello uni\u00e9ndose al Instituto Bosley en Orlando Florida, teniendo el privilegio de aprender del Dr. Matt Leavitt.<\/p>\n<p style=\"font-size: 20px; line-height: 1.5;\">\nDr. Guerrero ha realizado cientos de procedimientos exitosos a pacientes de todo el mundo, incluidos M\u00e9xico, Estados Unidos, Canad\u00e1, Suecia, Irlanda, Australia, Brasil e India, por mencionar algunos, ayud\u00e1ndolos a todos a recuperar su autoestima.<\/p>\n\n\t\t<\/div>\n\t<\/div>\n\n\t<div  class=\"wpb_single_image wpb_content_element vc_align_center\">\n\t\t\n\t\t<figure class=\"wpb_wrapper vc_figure\">\n\t\t\t<div class=\"vc_single_image-wrapper   vc_box_border_grey\"><img class=\"vc_single_image-img\" src=\"https:\/\/i0.wp.com\/timelessmedcenter.com\/wp-content\/uploads\/2021\/03\/ISHRS-Logo.jpg?fit=286%2C174&amp;ssl=1\" width=\"286\" height=\"174\" alt=\"ISHRS Logo\" title=\"ISHRS Logo\" \/><\/div>\n\t\t<\/figure>\n\t<\/div>\n<div class=\"vc_btn3-container vc_btn3-center\" ><a class=\"vc_general vc_btn3 vc_btn3-size-md vc_btn3-shape-rounded vc_btn3-style-modern vc_btn3-color-primary\" href=\"https:\/\/timelessmedcenter.com\/es\/about\/our-doctor\/\" title=\"Nuestro Doctor\">Leer m\u00e1s<\/a><\/div><\/div><\/div><\/div><\/div><div class=\"vc_row wpb_row vc_row-fluid\"><div class=\"wpb_column vc_column_container vc_col-sm-12\"><div class=\"vc_column-inner\"><div class=\"wpb_wrapper\"><\/div><\/div><\/div><\/div>","protected":false},"excerpt":{"rendered":"Schedule your free consultation! Hasta un 15% de descuento en tu tratamiento Before &amp; After Some of our happy customers About our doctor Dr. Roberto Guerrero Zazueta obtained his medical degree from Universidad Autonoma de Baja California, and graduated from Centro Medico de Occidente in Guadalajara, Mexico with a specialty on surgery. After completing his specialty, he started pursuing his&nbsp;<a href=\"https:\/\/timelessmedcenter.com\/es\/fathers-day-promotion\/\" class=\"read-more\">Continue Reading<\/a>","protected":false},"author":1,"featured_media":0,"parent":0,"menu_order":0,"comment_status":"closed","ping_status":"closed","template":"page-fullwidth.php","meta":[],"_links":{"self":[{"href":"https:\/\/timelessmedcenter.com\/es\/wp-json\/wp\/v2\/pages\/3108"}],"collection":[{"href":"https:\/\/timelessmedcenter.com\/es\/wp-json\/wp\/v2\/pages"}],"about":[{"href":"https:\/\/timelessmedcenter.com\/es\/wp-json\/wp\/v2\/types\/page"}],"author":[{"embeddable":true,"href":"https:\/\/timelessmedcenter.com\/es\/wp-json\/wp\/v2\/users\/1"}],"replies":[{"embeddable":true,"href":"https:\/\/timelessmedcenter.com\/es\/wp-json\/wp\/v2\/comments?post=3108"}],"version-history":[{"count":7,"href":"https:\/\/timelessmedcenter.com\/es\/wp-json\/wp\/v2\/pages\/3108\/revisions"}],"predecessor-version":[{"id":3121,"href":"https:\/\/timelessmedcenter.com\/es\/wp-json\/wp\/v2\/pages\/3108\/revisions\/3121"}],"wp:attachment":[{"href":"https:\/\/timelessmedcenter.com\/es\/wp-json\/wp\/v2\/media?parent=3108"}],"curies":[{"name":"wp","href":"https:\/\/api.w.org\/{rel}","templated":true}]}}